{"id":2100,"date":"2017-08-04T11:13:36","date_gmt":"2017-08-04T09:13:36","guid":{"rendered":"https:\/\/dev.kalli.sk\/rolunk\/"},"modified":"2023-06-18T20:43:34","modified_gmt":"2023-06-18T18:43:34","slug":"rolunk","status":"publish","type":"page","link":"https:\/\/www.thekallidesign.com\/hu\/rolunk\/","title":{"rendered":"R\u00f3lunk"},"content":{"rendered":"\n\t<section class=\"section has-parallax\" id=\"section_34482914\">\n\t\t<div class=\"bg section-bg fill bg-fill  \" data-parallax-container=\".section\" data-parallax-background data-parallax=\"-5\">\n\n\t\t\t\n\t\t\t<div class=\"section-bg-overlay absolute fill\"><\/div>\n\t\t\t\n\n\t\t<\/div>\n\n\t\t\n\n\t\t<div class=\"section-content relative\">\n\t\t\t\n\n\n\t\t<\/div>\n\n\t\t\n<style>\n#section_34482914 {\n  padding-top: 0px;\n  padding-bottom: 0px;\n  min-height: 200px;\n}\n#section_34482914 .section-bg-overlay {\n  background-color: rgba(255,255,255,.5);\n}\n#section_34482914 .section-bg.bg-loaded {\n  background-image: 1963;\n}\n#section_34482914 .section-bg {\n  background-position: 50% 75%;\n}\n<\/style>\n\t<\/section>\n\t\n\t<section class=\"section\" id=\"section_1914711597\">\n\t\t<div class=\"bg section-bg fill bg-fill  bg-loaded\" >\n\n\t\t\t\n\t\t\t\n\t\t\t\n\n\t\t<\/div>\n\n\t\t\n\n\t\t<div class=\"section-content relative\">\n\t\t\t\n\n<div class=\"row align-middle\"  id=\"row-171673662\">\n\n\n\t<div id=\"col-1628244759\" class=\"col medium-6 small-12 large-6\"  data-animate=\"bounceInLeft\">\n\t\t\t\t<div class=\"col-inner\"  >\n\t\t\t\n\t\t\t\n\n\t<div class=\"img has-hover x md-x lg-x y md-y lg-y\" id=\"image_1966229165\">\n\t\t\t\t\t\t\t\t<div class=\"img-inner dark\" >\n\t\t\t\t\t\t\t\t\t\n\t\t\t\t\t<\/div>\n\t\t\t\t\t\t\t\t\n<style>\n#image_1966229165 {\n  width: 100%;\n}\n<\/style>\n\t<\/div>\n\t\n\n\n\t\t<\/div>\n\t\t\t\t\t<\/div>\n\n\t\n\n\t<div id=\"col-1881315763\" class=\"col medium-6 small-12 large-6\"  data-animate=\"bounceInRight\">\n\t\t\t\t<div class=\"col-inner\"  >\n\t\t\t\n\t\t\t\n\n\t<div id=\"text-3682890973\" class=\"text\">\n\t\t\n\n<h1>Sziasztok Kaszn\u00e1r P\u00e1l D\u00e9nes vagyok, 18 \u00e9ves.<\/h1>\n<p>Imm\u00e1r 8 \u00e9ve, hogy felfigyeltem a dr\u00e1gak\u0151, f\u00e9ldr\u00e1gak\u0151, \u00e1sv\u00e1nyok elb\u0171v\u00f6l\u0151 vil\u00e1g\u00e1ra. Id\u0151vel mag\u00e1val ragadott az \u00e1sv\u00e1nyok leny\u0171g\u00f6z\u0151 sz\u00e9ps\u00e9ge, hogy minden darab egyedi sz\u00edn\u00e9t \u00e9s formavil\u00e1g\u00e1t illet\u0151en.  <\/p>\n<p>Miut\u00e1n komolyabban tanulm\u00e1nyozni kezdtem az \u00e1sv\u00e1nyokat, az els\u0151 vissza-visszat\u00e9r\u0151 probl\u00e9ma ami felt\u0171nt, hogy rengeteg, laborban el\u0151\u00e1ll\u00edtott (szintetikus) \u00e1sv\u00e1ny ker\u00fcl forgalomba, majd val\u00f3di \u00e1sv\u00e1nyk\u00e9nt \u00e9rt\u00e9kes\u00edt\u00e9sre. Ennek kapcs\u00e1n d\u00f6nt\u00f6ttem \u00fagy, hogy minden \u00e1sv\u00e1ny bevizsg\u00e1l\u00e1sra ker\u00fcl miel\u0151tt a mi m\u0171hely\u00fcnkbe ker\u00fclhetne. <\/p>\n<p>El\u0151sz\u00f6r csak egy-k\u00e9t f\u00e9le \u00e1sv\u00e1nyb\u00f3l k\u00e9sz\u00edtettem \u00e9kszereket majd \u00e1sv\u00e1ny k\u00edn\u00e1latom folyamatosan b\u0151v\u00fclt. Mindezek mellet nem feledkeztem meg a dizajnrol sem. Egyedi \u00f6tletekkel, \u00e1sv\u00e1ny \u00f6ssze\u00e1ll\u00edt\u00e1sokkal rukkolunk el\u0151 h\u00f3napr\u00f3l-h\u00f3napra \u00edgy folyamatosan \u00fajul\u00f3 k\u00edn\u00e1latunk van. Id\u0151vel megsz\u00fcletett a The Kalli design \u00edgy minden kark\u00f6t\u0151nk log\u00f3val ell\u00e1tott.   <\/p>\n<p>12 \u00e9ves koromban egy eg\u00e9szen pici standom volt, ami seg\u00edts\u00e9g\u00e9vel k\u00fcl\u00f6nb\u00f6z\u0151 rendezv\u00e9nyeken siker\u00fclt \u00e9rt\u00e9kes\u00edtenem els\u0151 \u00e9kszereimet. M\u00e1ra ez a pici stand a rendezv\u00e9nyek \u00e9kpontj\u00e1v\u00e1 n\u0151tte ki mag\u00e1t. Az \u00e9rdekl\u0151d\u00e9s, \u00e9kszereim ir\u00e1nt folyamatosan n\u0151tt, \u00edgy k\u00edn\u00e1latom is gyarapodott.  <\/p>\n<p>M\u00e1ra m\u00e1r t\u00f6bb \u00fczletben is megtal\u00e1lhat\u00f3ak vagyunk k\u00fcl\u00f6nb\u00f6z\u0151 viszontelad\u00f3kn\u00e1l. Most pedig megnyitja kapuit a The Kalli design webshopt. <\/p>\n\n\t\t\n<style>\n#text-3682890973 {\n  line-height: 1.5;\n}\n<\/style>\n\t<\/div>\n\t\n\n\t\t<\/div>\n\t\t\t\t\t<\/div>\n\n\t\n\n<\/div>\n\n\t\t<\/div>\n\n\t\t\n<style>\n#section_1914711597 {\n  padding-top: 30px;\n  padding-bottom: 30px;\n}\n<\/style>\n\t<\/section>\n\t\n\n","protected":false},"excerpt":{"rendered":"","protected":false},"author":1,"featured_media":0,"parent":0,"menu_order":0,"comment_status":"closed","ping_status":"closed","template":"page-blank.php","meta":{"_monsterinsights_skip_tracking":false,"_monsterinsights_sitenote_active":false,"_monsterinsights_sitenote_note":"","_monsterinsights_sitenote_category":0},"yoast_head":"<!-- This site is optimized with the Yoast SEO plugin v20.9 - https:\/\/yoast.com\/wordpress\/plugins\/seo\/ -->\n<title>R\u00f3lunk - Kalli<\/title>\n<meta name=\"robots\" content=\"index, follow, max-snippet:-1, max-image-preview:large, max-video-preview:-1\" \/>\n<link rel=\"canonical\" href=\"https:\/\/www.thekallidesign.com\/hu\/rolunk\/\" \/>\n<meta property=\"og:locale\" content=\"hu_HU\" \/>\n<meta property=\"og:type\" content=\"article\" \/>\n<meta property=\"og:title\" content=\"R\u00f3lunk - Kalli\" \/>\n<meta property=\"og:url\" content=\"https:\/\/www.thekallidesign.com\/hu\/rolunk\/\" \/>\n<meta property=\"og:site_name\" content=\"Kalli\" \/>\n<meta property=\"article:publisher\" content=\"https:\/\/www.facebook.com\/thekallidesign\/\" \/>\n<meta property=\"article:modified_time\" content=\"2023-06-18T18:43:34+00:00\" \/>\n<meta name=\"twitter:card\" content=\"summary_large_image\" \/>\n<meta name=\"twitter:label1\" content=\"Becs\u00fclt olvas\u00e1si id\u0151\" \/>\n\t<meta name=\"twitter:data1\" content=\"2 perc\" \/>\n<script type=\"application\/ld+json\" class=\"yoast-schema-graph\">{\"@context\":\"https:\/\/schema.org\",\"@graph\":[{\"@type\":\"WebPage\",\"@id\":\"https:\/\/www.thekallidesign.com\/hu\/rolunk\/\",\"url\":\"https:\/\/www.thekallidesign.com\/hu\/rolunk\/\",\"name\":\"R\u00f3lunk - Kalli\",\"isPartOf\":{\"@id\":\"https:\/\/www.thekallidesign.com\/hu\/#website\"},\"datePublished\":\"2017-08-04T09:13:36+00:00\",\"dateModified\":\"2023-06-18T18:43:34+00:00\",\"breadcrumb\":{\"@id\":\"https:\/\/www.thekallidesign.com\/hu\/rolunk\/#breadcrumb\"},\"inLanguage\":\"hu\",\"potentialAction\":[{\"@type\":\"ReadAction\",\"target\":[\"https:\/\/www.thekallidesign.com\/hu\/rolunk\/\"]}]},{\"@type\":\"BreadcrumbList\",\"@id\":\"https:\/\/www.thekallidesign.com\/hu\/rolunk\/#breadcrumb\",\"itemListElement\":[{\"@type\":\"ListItem\",\"position\":1,\"name\":\"Home\",\"item\":\"https:\/\/www.thekallidesign.com\/hu\/\"},{\"@type\":\"ListItem\",\"position\":2,\"name\":\"R\u00f3lunk\"}]},{\"@type\":\"WebSite\",\"@id\":\"https:\/\/www.thekallidesign.com\/hu\/#website\",\"url\":\"https:\/\/www.thekallidesign.com\/hu\/\",\"name\":\"The kalli Design\",\"description\":\"\",\"potentialAction\":[{\"@type\":\"SearchAction\",\"target\":{\"@type\":\"EntryPoint\",\"urlTemplate\":\"https:\/\/www.thekallidesign.com\/hu\/?s={search_term_string}\"},\"query-input\":\"required name=search_term_string\"}],\"inLanguage\":\"hu\"}]}<\/script>\n<!-- \/ Yoast SEO plugin. -->","yoast_head_json":{"title":"R\u00f3lunk - Kalli","robots":{"index":"index","follow":"follow","max-snippet":"max-snippet:-1","max-image-preview":"max-image-preview:large","max-video-preview":"max-video-preview:-1"},"canonical":"https:\/\/www.thekallidesign.com\/hu\/rolunk\/","og_locale":"hu_HU","og_type":"article","og_title":"R\u00f3lunk - Kalli","og_url":"https:\/\/www.thekallidesign.com\/hu\/rolunk\/","og_site_name":"Kalli","article_publisher":"https:\/\/www.facebook.com\/thekallidesign\/","article_modified_time":"2023-06-18T18:43:34+00:00","twitter_card":"summary_large_image","twitter_misc":{"Becs\u00fclt olvas\u00e1si id\u0151":"2 perc"},"schema":{"@context":"https:\/\/schema.org","@graph":[{"@type":"WebPage","@id":"https:\/\/www.thekallidesign.com\/hu\/rolunk\/","url":"https:\/\/www.thekallidesign.com\/hu\/rolunk\/","name":"R\u00f3lunk - Kalli","isPartOf":{"@id":"https:\/\/www.thekallidesign.com\/hu\/#website"},"datePublished":"2017-08-04T09:13:36+00:00","dateModified":"2023-06-18T18:43:34+00:00","breadcrumb":{"@id":"https:\/\/www.thekallidesign.com\/hu\/rolunk\/#breadcrumb"},"inLanguage":"hu","potentialAction":[{"@type":"ReadAction","target":["https:\/\/www.thekallidesign.com\/hu\/rolunk\/"]}]},{"@type":"BreadcrumbList","@id":"https:\/\/www.thekallidesign.com\/hu\/rolunk\/#breadcrumb","itemListElement":[{"@type":"ListItem","position":1,"name":"Home","item":"https:\/\/www.thekallidesign.com\/hu\/"},{"@type":"ListItem","position":2,"name":"R\u00f3lunk"}]},{"@type":"WebSite","@id":"https:\/\/www.thekallidesign.com\/hu\/#website","url":"https:\/\/www.thekallidesign.com\/hu\/","name":"The kalli Design","description":"","potentialAction":[{"@type":"SearchAction","target":{"@type":"EntryPoint","urlTemplate":"https:\/\/www.thekallidesign.com\/hu\/?s={search_term_string}"},"query-input":"required name=search_term_string"}],"inLanguage":"hu"}]}},"_links":{"self":[{"href":"https:\/\/www.thekallidesign.com\/hu\/wp-json\/wp\/v2\/pages\/2100"}],"collection":[{"href":"https:\/\/www.thekallidesign.com\/hu\/wp-json\/wp\/v2\/pages"}],"about":[{"href":"https:\/\/www.thekallidesign.com\/hu\/wp-json\/wp\/v2\/types\/page"}],"author":[{"embeddable":true,"href":"https:\/\/www.thekallidesign.com\/hu\/wp-json\/wp\/v2\/users\/1"}],"replies":[{"embeddable":true,"href":"https:\/\/www.thekallidesign.com\/hu\/wp-json\/wp\/v2\/comments?post=2100"}],"version-history":[{"count":0,"href":"https:\/\/www.thekallidesign.com\/hu\/wp-json\/wp\/v2\/pages\/2100\/revisions"}],"wp:attachment":[{"href":"https:\/\/www.thekallidesign.com\/hu\/wp-json\/wp\/v2\/media?parent=2100"}],"curies":[{"name":"wp","href":"https:\/\/api.w.org\/{rel}","templated":true}]}}