{"id":1607,"date":"2022-04-25T16:51:51","date_gmt":"2022-04-25T14:51:51","guid":{"rendered":"https:\/\/dev.kalli.sk\/produkt\/hegyikristaly-malachit\/"},"modified":"2023-08-30T14:15:19","modified_gmt":"2023-08-30T12:15:19","slug":"hegyikristaly-malachit","status":"publish","type":"product","link":"https:\/\/www.thekallidesign.com\/hu\/termek\/hegyikristaly-malachit\/","title":{"rendered":"Hegyikrist\u00e1ly, Malachit"},"content":{"rendered":"<p><strong>Hegyikrist\u00e1ly felt\u00e9telezett hat\u00e1sa :<\/strong> sejtregener\u00e1l\u00f3, v\u00e9d\u0151, immuner\u0151s\u00edt\u0151, agyi funkci\u00f3k, depresszi\u00f3, idegrendszer, m\u00e9regtelen\u00edt\u0151, anyagcsere, hormonh\u00e1ztart\u00e1s, v\u00e9rcukor, energia. <strong>Malachit felt\u00e9telezett hat\u00e1sa :<\/strong> menstru\u00e1ci\u00f3s probl\u00e9m\u00e1k, szerencse, harm\u00f3nia, nemi szervek, szexu\u00e1lis probl\u00e9m\u00e1k, m\u00e9regtelen\u00edt\u0151, m\u00e1j, reuma, savtalan\u00edt\u00e1s, idegrendszer, agyi funkci\u00f3k, l\u00e1t\u00f3idegek, v\u00e9rnyom\u00e1s cs\u00f6kkent\u0151, \u00edz\u00fcleti gyullad\u00e1s, asztma, daganat, hasny\u00e1lmirigy, m\u00e9ll\u00e9kpajzsmirigy, DNS sejt fel\u00e9p\u00edt\u00e9se, kitart\u00e1s, eletrom\u00e1gneses szmog, spiritu\u00e1lis fejl\u0151d\u00e9s<\/p>\n","protected":false},"excerpt":{"rendered":"<p>Hegyikrist\u00e1ly felt\u00e9telezett hat\u00e1sa : sejtregener\u00e1l\u00f3, v\u00e9d\u0151, immuner\u0151s\u00edt\u0151, agyi funkci\u00f3k, depresszi\u00f3, idegrendszer, m\u00e9regtelen\u00edt\u0151, anyagcsere, hormonh\u00e1ztart\u00e1s, v\u00e9rcukor, energia. Malachit felt\u00e9telezett hat\u00e1sa : menstru\u00e1ci\u00f3s probl\u00e9m\u00e1k, szerencse, harm\u00f3nia, nemi szervek, szexu\u00e1lis probl\u00e9m\u00e1k, m\u00e9regtelen\u00edt\u0151, m\u00e1j, reuma, savtalan\u00edt\u00e1s, idegrendszer, agyi funkci\u00f3k, l\u00e1t\u00f3idegek, v\u00e9rnyom\u00e1s cs\u00f6kkent\u0151, \u00edz\u00fcleti gyullad\u00e1s, asztma, daganat, hasny\u00e1lmirigy, m\u00e9ll\u00e9kpajzsmirigy, DNS sejt fel\u00e9p\u00edt\u00e9se, kitart\u00e1s, eletrom\u00e1gneses szmog, spiritu\u00e1lis fejl\u0151d\u00e9s<\/p>\n","protected":false},"featured_media":1865,"comment_status":"open","ping_status":"closed","template":"","meta":{"_monsterinsights_skip_tracking":false,"_monsterinsights_sitenote_active":false,"_monsterinsights_sitenote_note":"","_monsterinsights_sitenote_category":0},"product_cat":[63],"product_tag":[],"yoast_head":"<!-- This site is optimized with the Yoast SEO plugin v20.9 - https:\/\/yoast.com\/wordpress\/plugins\/seo\/ -->\n<title>Hegyikrist\u00e1ly, Malachit - Kalli<\/title>\n<meta name=\"robots\" content=\"index, follow, max-snippet:-1, max-image-preview:large, max-video-preview:-1\" \/>\n<link rel=\"canonical\" href=\"https:\/\/www.thekallidesign.com\/hu\/termek\/hegyikristaly-malachit\/\" \/>\n<meta property=\"og:locale\" content=\"hu_HU\" \/>\n<meta property=\"og:type\" content=\"article\" \/>\n<meta property=\"og:title\" content=\"Hegyikrist\u00e1ly, Malachit - Kalli\" \/>\n<meta property=\"og:description\" content=\"Hegyikrist\u00e1ly felt\u00e9telezett hat\u00e1sa : sejtregener\u00e1l\u00f3, v\u00e9d\u0151, immuner\u0151s\u00edt\u0151, agyi funkci\u00f3k, depresszi\u00f3, idegrendszer, m\u00e9regtelen\u00edt\u0151, anyagcsere, hormonh\u00e1ztart\u00e1s, v\u00e9rcukor, energia. Malachit felt\u00e9telezett hat\u00e1sa : menstru\u00e1ci\u00f3s probl\u00e9m\u00e1k, szerencse, harm\u00f3nia, nemi szervek, szexu\u00e1lis probl\u00e9m\u00e1k, m\u00e9regtelen\u00edt\u0151, m\u00e1j, reuma, savtalan\u00edt\u00e1s, idegrendszer, agyi funkci\u00f3k, l\u00e1t\u00f3idegek, v\u00e9rnyom\u00e1s cs\u00f6kkent\u0151, \u00edz\u00fcleti gyullad\u00e1s, asztma, daganat, hasny\u00e1lmirigy, m\u00e9ll\u00e9kpajzsmirigy, DNS sejt fel\u00e9p\u00edt\u00e9se, kitart\u00e1s, eletrom\u00e1gneses szmog, spiritu\u00e1lis fejl\u0151d\u00e9s\" \/>\n<meta property=\"og:url\" content=\"https:\/\/www.thekallidesign.com\/hu\/termek\/hegyikristaly-malachit\/\" \/>\n<meta property=\"og:site_name\" content=\"Kalli\" \/>\n<meta property=\"article:publisher\" content=\"https:\/\/www.facebook.com\/thekallidesign\/\" \/>\n<meta property=\"article:modified_time\" content=\"2023-08-30T12:15:19+00:00\" \/>\n<meta property=\"og:image\" content=\"https:\/\/www.thekallidesign.com\/wp-content\/uploads\/Kristal-praskany-Malachit.jpg\" \/>\n\t<meta property=\"og:image:width\" content=\"2560\" \/>\n\t<meta property=\"og:image:height\" content=\"2560\" \/>\n\t<meta property=\"og:image:type\" content=\"image\/jpeg\" \/>\n<meta name=\"twitter:card\" content=\"summary_large_image\" \/>\n<script type=\"application\/ld+json\" class=\"yoast-schema-graph\">{\"@context\":\"https:\/\/schema.org\",\"@graph\":[{\"@type\":\"WebPage\",\"@id\":\"https:\/\/www.thekallidesign.com\/hu\/termek\/hegyikristaly-malachit\/\",\"url\":\"https:\/\/www.thekallidesign.com\/hu\/termek\/hegyikristaly-malachit\/\",\"name\":\"Hegyikrist\u00e1ly, Malachit - Kalli\",\"isPartOf\":{\"@id\":\"https:\/\/www.thekallidesign.com\/hu\/#website\"},\"datePublished\":\"2022-04-25T14:51:51+00:00\",\"dateModified\":\"2023-08-30T12:15:19+00:00\",\"breadcrumb\":{\"@id\":\"https:\/\/www.thekallidesign.com\/hu\/termek\/hegyikristaly-malachit\/#breadcrumb\"},\"inLanguage\":\"hu\",\"potentialAction\":[{\"@type\":\"ReadAction\",\"target\":[\"https:\/\/www.thekallidesign.com\/hu\/termek\/hegyikristaly-malachit\/\"]}]},{\"@type\":\"BreadcrumbList\",\"@id\":\"https:\/\/www.thekallidesign.com\/hu\/termek\/hegyikristaly-malachit\/#breadcrumb\",\"itemListElement\":[{\"@type\":\"ListItem\",\"position\":1,\"name\":\"Home\",\"item\":\"https:\/\/www.thekallidesign.com\/hu\/\"},{\"@type\":\"ListItem\",\"position\":2,\"name\":\"\u00dczlet\",\"item\":\"https:\/\/www.thekallidesign.com\/hu\/shop\/\"},{\"@type\":\"ListItem\",\"position\":3,\"name\":\"Hegyikrist\u00e1ly, Malachit\"}]},{\"@type\":\"WebSite\",\"@id\":\"https:\/\/www.thekallidesign.com\/hu\/#website\",\"url\":\"https:\/\/www.thekallidesign.com\/hu\/\",\"name\":\"The kalli Design\",\"description\":\"\",\"potentialAction\":[{\"@type\":\"SearchAction\",\"target\":{\"@type\":\"EntryPoint\",\"urlTemplate\":\"https:\/\/www.thekallidesign.com\/hu\/?s={search_term_string}\"},\"query-input\":\"required name=search_term_string\"}],\"inLanguage\":\"hu\"}]}<\/script>\n<!-- \/ Yoast SEO plugin. -->","yoast_head_json":{"title":"Hegyikrist\u00e1ly, Malachit - Kalli","robots":{"index":"index","follow":"follow","max-snippet":"max-snippet:-1","max-image-preview":"max-image-preview:large","max-video-preview":"max-video-preview:-1"},"canonical":"https:\/\/www.thekallidesign.com\/hu\/termek\/hegyikristaly-malachit\/","og_locale":"hu_HU","og_type":"article","og_title":"Hegyikrist\u00e1ly, Malachit - Kalli","og_description":"Hegyikrist\u00e1ly felt\u00e9telezett hat\u00e1sa : sejtregener\u00e1l\u00f3, v\u00e9d\u0151, immuner\u0151s\u00edt\u0151, agyi funkci\u00f3k, depresszi\u00f3, idegrendszer, m\u00e9regtelen\u00edt\u0151, anyagcsere, hormonh\u00e1ztart\u00e1s, v\u00e9rcukor, energia. Malachit felt\u00e9telezett hat\u00e1sa : menstru\u00e1ci\u00f3s probl\u00e9m\u00e1k, szerencse, harm\u00f3nia, nemi szervek, szexu\u00e1lis probl\u00e9m\u00e1k, m\u00e9regtelen\u00edt\u0151, m\u00e1j, reuma, savtalan\u00edt\u00e1s, idegrendszer, agyi funkci\u00f3k, l\u00e1t\u00f3idegek, v\u00e9rnyom\u00e1s cs\u00f6kkent\u0151, \u00edz\u00fcleti gyullad\u00e1s, asztma, daganat, hasny\u00e1lmirigy, m\u00e9ll\u00e9kpajzsmirigy, DNS sejt fel\u00e9p\u00edt\u00e9se, kitart\u00e1s, eletrom\u00e1gneses szmog, spiritu\u00e1lis fejl\u0151d\u00e9s","og_url":"https:\/\/www.thekallidesign.com\/hu\/termek\/hegyikristaly-malachit\/","og_site_name":"Kalli","article_publisher":"https:\/\/www.facebook.com\/thekallidesign\/","article_modified_time":"2023-08-30T12:15:19+00:00","og_image":[{"width":2560,"height":2560,"url":"https:\/\/www.thekallidesign.com\/wp-content\/uploads\/Kristal-praskany-Malachit.jpg","type":"image\/jpeg"}],"twitter_card":"summary_large_image","schema":{"@context":"https:\/\/schema.org","@graph":[{"@type":"WebPage","@id":"https:\/\/www.thekallidesign.com\/hu\/termek\/hegyikristaly-malachit\/","url":"https:\/\/www.thekallidesign.com\/hu\/termek\/hegyikristaly-malachit\/","name":"Hegyikrist\u00e1ly, Malachit - Kalli","isPartOf":{"@id":"https:\/\/www.thekallidesign.com\/hu\/#website"},"datePublished":"2022-04-25T14:51:51+00:00","dateModified":"2023-08-30T12:15:19+00:00","breadcrumb":{"@id":"https:\/\/www.thekallidesign.com\/hu\/termek\/hegyikristaly-malachit\/#breadcrumb"},"inLanguage":"hu","potentialAction":[{"@type":"ReadAction","target":["https:\/\/www.thekallidesign.com\/hu\/termek\/hegyikristaly-malachit\/"]}]},{"@type":"BreadcrumbList","@id":"https:\/\/www.thekallidesign.com\/hu\/termek\/hegyikristaly-malachit\/#breadcrumb","itemListElement":[{"@type":"ListItem","position":1,"name":"Home","item":"https:\/\/www.thekallidesign.com\/hu\/"},{"@type":"ListItem","position":2,"name":"\u00dczlet","item":"https:\/\/www.thekallidesign.com\/hu\/shop\/"},{"@type":"ListItem","position":3,"name":"Hegyikrist\u00e1ly, Malachit"}]},{"@type":"WebSite","@id":"https:\/\/www.thekallidesign.com\/hu\/#website","url":"https:\/\/www.thekallidesign.com\/hu\/","name":"The kalli Design","description":"","potentialAction":[{"@type":"SearchAction","target":{"@type":"EntryPoint","urlTemplate":"https:\/\/www.thekallidesign.com\/hu\/?s={search_term_string}"},"query-input":"required name=search_term_string"}],"inLanguage":"hu"}]}},"_links":{"self":[{"href":"https:\/\/www.thekallidesign.com\/hu\/wp-json\/wp\/v2\/product\/1607"}],"collection":[{"href":"https:\/\/www.thekallidesign.com\/hu\/wp-json\/wp\/v2\/product"}],"about":[{"href":"https:\/\/www.thekallidesign.com\/hu\/wp-json\/wp\/v2\/types\/product"}],"replies":[{"embeddable":true,"href":"https:\/\/www.thekallidesign.com\/hu\/wp-json\/wp\/v2\/comments?post=1607"}],"wp:featuredmedia":[{"embeddable":true,"href":"https:\/\/www.thekallidesign.com\/hu\/wp-json\/wp\/v2\/media\/1865"}],"wp:attachment":[{"href":"https:\/\/www.thekallidesign.com\/hu\/wp-json\/wp\/v2\/media?parent=1607"}],"wp:term":[{"taxonomy":"product_cat","embeddable":true,"href":"https:\/\/www.thekallidesign.com\/hu\/wp-json\/wp\/v2\/product_cat?post=1607"},{"taxonomy":"product_tag","embeddable":true,"href":"https:\/\/www.thekallidesign.com\/hu\/wp-json\/wp\/v2\/product_tag?post=1607"}],"curies":[{"name":"wp","href":"https:\/\/api.w.org\/{rel}","templated":true}]}}