{"id":1673,"date":"2022-04-25T15:24:45","date_gmt":"2022-04-25T13:24:45","guid":{"rendered":"https:\/\/dev.kalli.sk\/produkt\/lavako-rozsakvarc\/"},"modified":"2023-08-30T16:08:32","modified_gmt":"2023-08-30T14:08:32","slug":"lavako-rozsakvarc","status":"publish","type":"product","link":"https:\/\/www.thekallidesign.com\/hu\/termek\/lavako-rozsakvarc\/","title":{"rendered":"L\u00e1vak\u0151, R\u00f3zsakvarc"},"content":{"rendered":"<p><strong>L\u00e1vak\u0151 felt\u00e9telezett hat\u00e1sa :<\/strong> m\u00e9regtelen\u00edt\u0151, sejt-v\u00edzut\u00e1np\u00f3tl\u00e1s, er\u0151s\u00edti az izmokat, k\u00f6t\u0151sz\u00f6vet regener\u00e1l\u00f3d\u00e1s, v\u00e9rkering\u00e9s, idegrendszer, idegsejt<br \/>\n<strong>R\u00f3zsakvarc felt\u00e9telezett hat\u00e1sa :<\/strong> mesterkrist\u00e1ly, nyugtat\u00f3, kommunik\u00e1ci\u00f3, m\u00e9regtelen\u00edt\u0151, vese, v\u00e9rnyom\u00e1s stabiliz\u00e1l\u00f3, sz\u00edv, mell\u00e9kvese, b\u0151r<\/p>\n","protected":false},"excerpt":{"rendered":"<p>L\u00e1vak\u0151 felt\u00e9telezett hat\u00e1sa : m\u00e9regtelen\u00edt\u0151, sejt-v\u00edzut\u00e1np\u00f3tl\u00e1s, er\u0151s\u00edti az izmokat, k\u00f6t\u0151sz\u00f6vet regener\u00e1l\u00f3d\u00e1s, v\u00e9rkering\u00e9s, idegrendszer, idegsejt R\u00f3zsakvarc felt\u00e9telezett hat\u00e1sa : mesterkrist\u00e1ly, nyugtat\u00f3, kommunik\u00e1ci\u00f3, m\u00e9regtelen\u00edt\u0151, vese, v\u00e9rnyom\u00e1s stabiliz\u00e1l\u00f3, sz\u00edv, mell\u00e9kvese, b\u0151r<\/p>\n","protected":false},"featured_media":1901,"comment_status":"open","ping_status":"closed","template":"","meta":{"_monsterinsights_skip_tracking":false,"_monsterinsights_sitenote_active":false,"_monsterinsights_sitenote_note":"","_monsterinsights_sitenote_category":0},"product_cat":[63],"product_tag":[],"yoast_head":"<!-- This site is optimized with the Yoast SEO plugin v20.9 - https:\/\/yoast.com\/wordpress\/plugins\/seo\/ -->\n<title>L\u00e1vak\u0151, R\u00f3zsakvarc - Kalli<\/title>\n<meta name=\"robots\" content=\"index, follow, max-snippet:-1, max-image-preview:large, max-video-preview:-1\" \/>\n<link rel=\"canonical\" href=\"https:\/\/www.thekallidesign.com\/hu\/termek\/lavako-rozsakvarc\/\" \/>\n<meta property=\"og:locale\" content=\"hu_HU\" \/>\n<meta property=\"og:type\" content=\"article\" \/>\n<meta property=\"og:title\" content=\"L\u00e1vak\u0151, R\u00f3zsakvarc - Kalli\" \/>\n<meta property=\"og:description\" content=\"L\u00e1vak\u0151 felt\u00e9telezett hat\u00e1sa : m\u00e9regtelen\u00edt\u0151, sejt-v\u00edzut\u00e1np\u00f3tl\u00e1s, er\u0151s\u00edti az izmokat, k\u00f6t\u0151sz\u00f6vet regener\u00e1l\u00f3d\u00e1s, v\u00e9rkering\u00e9s, idegrendszer, idegsejt R\u00f3zsakvarc felt\u00e9telezett hat\u00e1sa : mesterkrist\u00e1ly, nyugtat\u00f3, kommunik\u00e1ci\u00f3, m\u00e9regtelen\u00edt\u0151, vese, v\u00e9rnyom\u00e1s stabiliz\u00e1l\u00f3, sz\u00edv, mell\u00e9kvese, b\u0151r\" \/>\n<meta property=\"og:url\" content=\"https:\/\/www.thekallidesign.com\/hu\/termek\/lavako-rozsakvarc\/\" \/>\n<meta property=\"og:site_name\" content=\"Kalli\" \/>\n<meta property=\"article:publisher\" content=\"https:\/\/www.facebook.com\/thekallidesign\/\" \/>\n<meta property=\"article:modified_time\" content=\"2023-08-30T14:08:32+00:00\" \/>\n<meta property=\"og:image\" content=\"https:\/\/www.thekallidesign.com\/wp-content\/uploads\/Lavovy-kamen-ruzenin.jpg\" \/>\n\t<meta property=\"og:image:width\" content=\"2560\" \/>\n\t<meta property=\"og:image:height\" content=\"2560\" \/>\n\t<meta property=\"og:image:type\" content=\"image\/jpeg\" \/>\n<meta name=\"twitter:card\" content=\"summary_large_image\" \/>\n<script type=\"application\/ld+json\" class=\"yoast-schema-graph\">{\"@context\":\"https:\/\/schema.org\",\"@graph\":[{\"@type\":\"WebPage\",\"@id\":\"https:\/\/www.thekallidesign.com\/hu\/termek\/lavako-rozsakvarc\/\",\"url\":\"https:\/\/www.thekallidesign.com\/hu\/termek\/lavako-rozsakvarc\/\",\"name\":\"L\u00e1vak\u0151, R\u00f3zsakvarc - Kalli\",\"isPartOf\":{\"@id\":\"https:\/\/www.thekallidesign.com\/hu\/#website\"},\"datePublished\":\"2022-04-25T13:24:45+00:00\",\"dateModified\":\"2023-08-30T14:08:32+00:00\",\"breadcrumb\":{\"@id\":\"https:\/\/www.thekallidesign.com\/hu\/termek\/lavako-rozsakvarc\/#breadcrumb\"},\"inLanguage\":\"hu\",\"potentialAction\":[{\"@type\":\"ReadAction\",\"target\":[\"https:\/\/www.thekallidesign.com\/hu\/termek\/lavako-rozsakvarc\/\"]}]},{\"@type\":\"BreadcrumbList\",\"@id\":\"https:\/\/www.thekallidesign.com\/hu\/termek\/lavako-rozsakvarc\/#breadcrumb\",\"itemListElement\":[{\"@type\":\"ListItem\",\"position\":1,\"name\":\"Home\",\"item\":\"https:\/\/www.thekallidesign.com\/hu\/\"},{\"@type\":\"ListItem\",\"position\":2,\"name\":\"\u00dczlet\",\"item\":\"https:\/\/www.thekallidesign.com\/hu\/shop\/\"},{\"@type\":\"ListItem\",\"position\":3,\"name\":\"L\u00e1vak\u0151, R\u00f3zsakvarc\"}]},{\"@type\":\"WebSite\",\"@id\":\"https:\/\/www.thekallidesign.com\/hu\/#website\",\"url\":\"https:\/\/www.thekallidesign.com\/hu\/\",\"name\":\"The kalli Design\",\"description\":\"\",\"potentialAction\":[{\"@type\":\"SearchAction\",\"target\":{\"@type\":\"EntryPoint\",\"urlTemplate\":\"https:\/\/www.thekallidesign.com\/hu\/?s={search_term_string}\"},\"query-input\":\"required name=search_term_string\"}],\"inLanguage\":\"hu\"}]}<\/script>\n<!-- \/ Yoast SEO plugin. -->","yoast_head_json":{"title":"L\u00e1vak\u0151, R\u00f3zsakvarc - Kalli","robots":{"index":"index","follow":"follow","max-snippet":"max-snippet:-1","max-image-preview":"max-image-preview:large","max-video-preview":"max-video-preview:-1"},"canonical":"https:\/\/www.thekallidesign.com\/hu\/termek\/lavako-rozsakvarc\/","og_locale":"hu_HU","og_type":"article","og_title":"L\u00e1vak\u0151, R\u00f3zsakvarc - Kalli","og_description":"L\u00e1vak\u0151 felt\u00e9telezett hat\u00e1sa : m\u00e9regtelen\u00edt\u0151, sejt-v\u00edzut\u00e1np\u00f3tl\u00e1s, er\u0151s\u00edti az izmokat, k\u00f6t\u0151sz\u00f6vet regener\u00e1l\u00f3d\u00e1s, v\u00e9rkering\u00e9s, idegrendszer, idegsejt R\u00f3zsakvarc felt\u00e9telezett hat\u00e1sa : mesterkrist\u00e1ly, nyugtat\u00f3, kommunik\u00e1ci\u00f3, m\u00e9regtelen\u00edt\u0151, vese, v\u00e9rnyom\u00e1s stabiliz\u00e1l\u00f3, sz\u00edv, mell\u00e9kvese, b\u0151r","og_url":"https:\/\/www.thekallidesign.com\/hu\/termek\/lavako-rozsakvarc\/","og_site_name":"Kalli","article_publisher":"https:\/\/www.facebook.com\/thekallidesign\/","article_modified_time":"2023-08-30T14:08:32+00:00","og_image":[{"width":2560,"height":2560,"url":"https:\/\/www.thekallidesign.com\/wp-content\/uploads\/Lavovy-kamen-ruzenin.jpg","type":"image\/jpeg"}],"twitter_card":"summary_large_image","schema":{"@context":"https:\/\/schema.org","@graph":[{"@type":"WebPage","@id":"https:\/\/www.thekallidesign.com\/hu\/termek\/lavako-rozsakvarc\/","url":"https:\/\/www.thekallidesign.com\/hu\/termek\/lavako-rozsakvarc\/","name":"L\u00e1vak\u0151, R\u00f3zsakvarc - Kalli","isPartOf":{"@id":"https:\/\/www.thekallidesign.com\/hu\/#website"},"datePublished":"2022-04-25T13:24:45+00:00","dateModified":"2023-08-30T14:08:32+00:00","breadcrumb":{"@id":"https:\/\/www.thekallidesign.com\/hu\/termek\/lavako-rozsakvarc\/#breadcrumb"},"inLanguage":"hu","potentialAction":[{"@type":"ReadAction","target":["https:\/\/www.thekallidesign.com\/hu\/termek\/lavako-rozsakvarc\/"]}]},{"@type":"BreadcrumbList","@id":"https:\/\/www.thekallidesign.com\/hu\/termek\/lavako-rozsakvarc\/#breadcrumb","itemListElement":[{"@type":"ListItem","position":1,"name":"Home","item":"https:\/\/www.thekallidesign.com\/hu\/"},{"@type":"ListItem","position":2,"name":"\u00dczlet","item":"https:\/\/www.thekallidesign.com\/hu\/shop\/"},{"@type":"ListItem","position":3,"name":"L\u00e1vak\u0151, R\u00f3zsakvarc"}]},{"@type":"WebSite","@id":"https:\/\/www.thekallidesign.com\/hu\/#website","url":"https:\/\/www.thekallidesign.com\/hu\/","name":"The kalli Design","description":"","potentialAction":[{"@type":"SearchAction","target":{"@type":"EntryPoint","urlTemplate":"https:\/\/www.thekallidesign.com\/hu\/?s={search_term_string}"},"query-input":"required name=search_term_string"}],"inLanguage":"hu"}]}},"_links":{"self":[{"href":"https:\/\/www.thekallidesign.com\/hu\/wp-json\/wp\/v2\/product\/1673"}],"collection":[{"href":"https:\/\/www.thekallidesign.com\/hu\/wp-json\/wp\/v2\/product"}],"about":[{"href":"https:\/\/www.thekallidesign.com\/hu\/wp-json\/wp\/v2\/types\/product"}],"replies":[{"embeddable":true,"href":"https:\/\/www.thekallidesign.com\/hu\/wp-json\/wp\/v2\/comments?post=1673"}],"wp:featuredmedia":[{"embeddable":true,"href":"https:\/\/www.thekallidesign.com\/hu\/wp-json\/wp\/v2\/media\/1901"}],"wp:attachment":[{"href":"https:\/\/www.thekallidesign.com\/hu\/wp-json\/wp\/v2\/media?parent=1673"}],"wp:term":[{"taxonomy":"product_cat","embeddable":true,"href":"https:\/\/www.thekallidesign.com\/hu\/wp-json\/wp\/v2\/product_cat?post=1673"},{"taxonomy":"product_tag","embeddable":true,"href":"https:\/\/www.thekallidesign.com\/hu\/wp-json\/wp\/v2\/product_tag?post=1673"}],"curies":[{"name":"wp","href":"https:\/\/api.w.org\/{rel}","templated":true}]}}