{"id":1727,"date":"2022-04-25T17:13:53","date_gmt":"2022-04-25T15:13:53","guid":{"rendered":"https:\/\/dev.kalli.sk\/produkt\/tejkvarc-onix-kiwi-jaspis\/"},"modified":"2023-08-30T13:47:02","modified_gmt":"2023-08-30T11:47:02","slug":"tejkvarc-onix-kiwi-jaspis","status":"publish","type":"product","link":"https:\/\/www.thekallidesign.com\/hu\/termek\/tejkvarc-onix-kiwi-jaspis\/","title":{"rendered":"Tejkvarc, \u00d3nix, Kiwi j\u00e1spis"},"content":{"rendered":"<p><strong>Tejkvarc felt\u00e9telezett hat\u00e1sa :<\/strong> gyullad\u00e1sg\u00e1tl\u00f3, szem, b\u0151r, iz\u00fcleti gyullad\u00e1s, csonter\u0151s\u00edt\u0151, em\u00e9szt\u00e9s, v\u00e9r, aura tiszt\u00edt\u00f3<\/p>\n<p><strong>\u00d3nix felt\u00e9telezett hat\u00e1sa :<\/strong> energia, v\u00e9d\u0151, stabilit\u00e1s, kitart\u00e1s, stresszold\u00f3, csontok, fogak, csonter\u0151s\u00edt\u0151<\/p>\n<p><strong>J\u00e1spis felt\u00e9telezett hat\u00e1sa :<\/strong> v\u00e9d\u0151, em\u00e9szt\u0151rendszer, ivarszervek, v\u00e9rkering\u00e9s, stresszold\u00f3, auratiszt\u00edt\u00f3<\/p>\n<p>&nbsp;<\/p>\n","protected":false},"excerpt":{"rendered":"<p>Tejkvarc felt\u00e9telezett hat\u00e1sa : gyullad\u00e1sg\u00e1tl\u00f3, szem, b\u0151r, iz\u00fcleti gyullad\u00e1s, csonter\u0151s\u00edt\u0151, em\u00e9szt\u00e9s, v\u00e9r, aura tiszt\u00edt\u00f3 \u00d3nix felt\u00e9telezett hat\u00e1sa : energia, v\u00e9d\u0151, stabilit\u00e1s, kitart\u00e1s, stresszold\u00f3, csontok, fogak, csonter\u0151s\u00edt\u0151 J\u00e1spis felt\u00e9telezett hat\u00e1sa : v\u00e9d\u0151, em\u00e9szt\u0151rendszer, ivarszervek, v\u00e9rkering\u00e9s, stresszold\u00f3, auratiszt\u00edt\u00f3 &nbsp;<\/p>\n","protected":false},"featured_media":1849,"comment_status":"open","ping_status":"closed","template":"","meta":{"_monsterinsights_skip_tracking":false,"_monsterinsights_sitenote_active":false,"_monsterinsights_sitenote_note":"","_monsterinsights_sitenote_category":0},"product_cat":[63],"product_tag":[],"yoast_head":"<!-- This site is optimized with the Yoast SEO plugin v20.9 - https:\/\/yoast.com\/wordpress\/plugins\/seo\/ -->\n<title>Tejkvarc, \u00d3nix, Kiwi j\u00e1spis - Kalli<\/title>\n<meta name=\"robots\" content=\"index, follow, max-snippet:-1, max-image-preview:large, max-video-preview:-1\" \/>\n<link rel=\"canonical\" href=\"https:\/\/www.thekallidesign.com\/hu\/termek\/tejkvarc-onix-kiwi-jaspis\/\" \/>\n<meta property=\"og:locale\" content=\"hu_HU\" \/>\n<meta property=\"og:type\" content=\"article\" \/>\n<meta property=\"og:title\" content=\"Tejkvarc, \u00d3nix, Kiwi j\u00e1spis - Kalli\" \/>\n<meta property=\"og:description\" content=\"Tejkvarc felt\u00e9telezett hat\u00e1sa : gyullad\u00e1sg\u00e1tl\u00f3, szem, b\u0151r, iz\u00fcleti gyullad\u00e1s, csonter\u0151s\u00edt\u0151, em\u00e9szt\u00e9s, v\u00e9r, aura tiszt\u00edt\u00f3 \u00d3nix felt\u00e9telezett hat\u00e1sa : energia, v\u00e9d\u0151, stabilit\u00e1s, kitart\u00e1s, stresszold\u00f3, csontok, fogak, csonter\u0151s\u00edt\u0151 J\u00e1spis felt\u00e9telezett hat\u00e1sa : v\u00e9d\u0151, em\u00e9szt\u0151rendszer, ivarszervek, v\u00e9rkering\u00e9s, stresszold\u00f3, auratiszt\u00edt\u00f3 &nbsp;\" \/>\n<meta property=\"og:url\" content=\"https:\/\/www.thekallidesign.com\/hu\/termek\/tejkvarc-onix-kiwi-jaspis\/\" \/>\n<meta property=\"og:site_name\" content=\"Kalli\" \/>\n<meta property=\"article:publisher\" content=\"https:\/\/www.facebook.com\/thekallidesign\/\" \/>\n<meta property=\"article:modified_time\" content=\"2023-08-30T11:47:02+00:00\" \/>\n<meta property=\"og:image\" content=\"https:\/\/www.thekallidesign.com\/wp-content\/uploads\/Mliecny-kremen-Onyx-Kiwi-jaspis.jpg\" \/>\n\t<meta property=\"og:image:width\" content=\"2160\" \/>\n\t<meta property=\"og:image:height\" content=\"2160\" \/>\n\t<meta property=\"og:image:type\" content=\"image\/jpeg\" \/>\n<meta name=\"twitter:card\" content=\"summary_large_image\" \/>\n<script type=\"application\/ld+json\" class=\"yoast-schema-graph\">{\"@context\":\"https:\/\/schema.org\",\"@graph\":[{\"@type\":\"WebPage\",\"@id\":\"https:\/\/www.thekallidesign.com\/hu\/termek\/tejkvarc-onix-kiwi-jaspis\/\",\"url\":\"https:\/\/www.thekallidesign.com\/hu\/termek\/tejkvarc-onix-kiwi-jaspis\/\",\"name\":\"Tejkvarc, \u00d3nix, Kiwi j\u00e1spis - Kalli\",\"isPartOf\":{\"@id\":\"https:\/\/www.thekallidesign.com\/hu\/#website\"},\"datePublished\":\"2022-04-25T15:13:53+00:00\",\"dateModified\":\"2023-08-30T11:47:02+00:00\",\"breadcrumb\":{\"@id\":\"https:\/\/www.thekallidesign.com\/hu\/termek\/tejkvarc-onix-kiwi-jaspis\/#breadcrumb\"},\"inLanguage\":\"hu\",\"potentialAction\":[{\"@type\":\"ReadAction\",\"target\":[\"https:\/\/www.thekallidesign.com\/hu\/termek\/tejkvarc-onix-kiwi-jaspis\/\"]}]},{\"@type\":\"BreadcrumbList\",\"@id\":\"https:\/\/www.thekallidesign.com\/hu\/termek\/tejkvarc-onix-kiwi-jaspis\/#breadcrumb\",\"itemListElement\":[{\"@type\":\"ListItem\",\"position\":1,\"name\":\"Home\",\"item\":\"https:\/\/www.thekallidesign.com\/hu\/\"},{\"@type\":\"ListItem\",\"position\":2,\"name\":\"\u00dczlet\",\"item\":\"https:\/\/www.thekallidesign.com\/hu\/shop\/\"},{\"@type\":\"ListItem\",\"position\":3,\"name\":\"Tejkvarc, \u00d3nix, Kiwi j\u00e1spis\"}]},{\"@type\":\"WebSite\",\"@id\":\"https:\/\/www.thekallidesign.com\/hu\/#website\",\"url\":\"https:\/\/www.thekallidesign.com\/hu\/\",\"name\":\"The kalli Design\",\"description\":\"\",\"potentialAction\":[{\"@type\":\"SearchAction\",\"target\":{\"@type\":\"EntryPoint\",\"urlTemplate\":\"https:\/\/www.thekallidesign.com\/hu\/?s={search_term_string}\"},\"query-input\":\"required name=search_term_string\"}],\"inLanguage\":\"hu\"}]}<\/script>\n<!-- \/ Yoast SEO plugin. -->","yoast_head_json":{"title":"Tejkvarc, \u00d3nix, Kiwi j\u00e1spis - Kalli","robots":{"index":"index","follow":"follow","max-snippet":"max-snippet:-1","max-image-preview":"max-image-preview:large","max-video-preview":"max-video-preview:-1"},"canonical":"https:\/\/www.thekallidesign.com\/hu\/termek\/tejkvarc-onix-kiwi-jaspis\/","og_locale":"hu_HU","og_type":"article","og_title":"Tejkvarc, \u00d3nix, Kiwi j\u00e1spis - Kalli","og_description":"Tejkvarc felt\u00e9telezett hat\u00e1sa : gyullad\u00e1sg\u00e1tl\u00f3, szem, b\u0151r, iz\u00fcleti gyullad\u00e1s, csonter\u0151s\u00edt\u0151, em\u00e9szt\u00e9s, v\u00e9r, aura tiszt\u00edt\u00f3 \u00d3nix felt\u00e9telezett hat\u00e1sa : energia, v\u00e9d\u0151, stabilit\u00e1s, kitart\u00e1s, stresszold\u00f3, csontok, fogak, csonter\u0151s\u00edt\u0151 J\u00e1spis felt\u00e9telezett hat\u00e1sa : v\u00e9d\u0151, em\u00e9szt\u0151rendszer, ivarszervek, v\u00e9rkering\u00e9s, stresszold\u00f3, auratiszt\u00edt\u00f3 &nbsp;","og_url":"https:\/\/www.thekallidesign.com\/hu\/termek\/tejkvarc-onix-kiwi-jaspis\/","og_site_name":"Kalli","article_publisher":"https:\/\/www.facebook.com\/thekallidesign\/","article_modified_time":"2023-08-30T11:47:02+00:00","og_image":[{"width":2160,"height":2160,"url":"https:\/\/www.thekallidesign.com\/wp-content\/uploads\/Mliecny-kremen-Onyx-Kiwi-jaspis.jpg","type":"image\/jpeg"}],"twitter_card":"summary_large_image","schema":{"@context":"https:\/\/schema.org","@graph":[{"@type":"WebPage","@id":"https:\/\/www.thekallidesign.com\/hu\/termek\/tejkvarc-onix-kiwi-jaspis\/","url":"https:\/\/www.thekallidesign.com\/hu\/termek\/tejkvarc-onix-kiwi-jaspis\/","name":"Tejkvarc, \u00d3nix, Kiwi j\u00e1spis - Kalli","isPartOf":{"@id":"https:\/\/www.thekallidesign.com\/hu\/#website"},"datePublished":"2022-04-25T15:13:53+00:00","dateModified":"2023-08-30T11:47:02+00:00","breadcrumb":{"@id":"https:\/\/www.thekallidesign.com\/hu\/termek\/tejkvarc-onix-kiwi-jaspis\/#breadcrumb"},"inLanguage":"hu","potentialAction":[{"@type":"ReadAction","target":["https:\/\/www.thekallidesign.com\/hu\/termek\/tejkvarc-onix-kiwi-jaspis\/"]}]},{"@type":"BreadcrumbList","@id":"https:\/\/www.thekallidesign.com\/hu\/termek\/tejkvarc-onix-kiwi-jaspis\/#breadcrumb","itemListElement":[{"@type":"ListItem","position":1,"name":"Home","item":"https:\/\/www.thekallidesign.com\/hu\/"},{"@type":"ListItem","position":2,"name":"\u00dczlet","item":"https:\/\/www.thekallidesign.com\/hu\/shop\/"},{"@type":"ListItem","position":3,"name":"Tejkvarc, \u00d3nix, Kiwi j\u00e1spis"}]},{"@type":"WebSite","@id":"https:\/\/www.thekallidesign.com\/hu\/#website","url":"https:\/\/www.thekallidesign.com\/hu\/","name":"The kalli Design","description":"","potentialAction":[{"@type":"SearchAction","target":{"@type":"EntryPoint","urlTemplate":"https:\/\/www.thekallidesign.com\/hu\/?s={search_term_string}"},"query-input":"required name=search_term_string"}],"inLanguage":"hu"}]}},"_links":{"self":[{"href":"https:\/\/www.thekallidesign.com\/hu\/wp-json\/wp\/v2\/product\/1727"}],"collection":[{"href":"https:\/\/www.thekallidesign.com\/hu\/wp-json\/wp\/v2\/product"}],"about":[{"href":"https:\/\/www.thekallidesign.com\/hu\/wp-json\/wp\/v2\/types\/product"}],"replies":[{"embeddable":true,"href":"https:\/\/www.thekallidesign.com\/hu\/wp-json\/wp\/v2\/comments?post=1727"}],"wp:featuredmedia":[{"embeddable":true,"href":"https:\/\/www.thekallidesign.com\/hu\/wp-json\/wp\/v2\/media\/1849"}],"wp:attachment":[{"href":"https:\/\/www.thekallidesign.com\/hu\/wp-json\/wp\/v2\/media?parent=1727"}],"wp:term":[{"taxonomy":"product_cat","embeddable":true,"href":"https:\/\/www.thekallidesign.com\/hu\/wp-json\/wp\/v2\/product_cat?post=1727"},{"taxonomy":"product_tag","embeddable":true,"href":"https:\/\/www.thekallidesign.com\/hu\/wp-json\/wp\/v2\/product_tag?post=1727"}],"curies":[{"name":"wp","href":"https:\/\/api.w.org\/{rel}","templated":true}]}}