{"id":1804,"date":"2022-04-25T15:36:38","date_gmt":"2022-04-25T13:36:38","guid":{"rendered":"https:\/\/dev.kalli.sk\/produkt\/tigrisszem-kiwi-jaspis-onix\/"},"modified":"2023-08-30T15:50:28","modified_gmt":"2023-08-30T13:50:28","slug":"tigrisszem-kiwi-jaspis-onix","status":"publish","type":"product","link":"https:\/\/www.thekallidesign.com\/hu\/termek\/tigrisszem-kiwi-jaspis-onix\/","title":{"rendered":"Tigrisszem, kiwi j\u00e1spis, \u00f3nix"},"content":{"rendered":"<p><strong>Tigrisszem felt\u00e9telezett hat\u00e1sa :<\/strong> mesterkrist\u00e1ly, nyugtat\u00f3, energia, idegrendszer, skizofr\u00e9nia, epilepszia, koncentr\u00e1ci\u00f3, b\u00e1tors\u00e1g, \u00f6nbecs\u00fcl\u00e9s, csontsorvad\u00e1s<br \/>\n<strong>J\u00e1spis felt\u00e9telezett hat\u00e1sa :<\/strong> v\u00e9d\u0151, em\u00e9szt\u0151rendszer, ivarszervek, v\u00e9rkering\u00e9s, stresszold\u00f3, auratiszt\u00edt\u00f3<br \/>\n<strong>\u00d3nix felt\u00e9telezett hat\u00e1sa :<\/strong> energia, v\u00e9d\u0151, stabilit\u00e1s, kitart\u00e1s, stresszold\u00f3, csontok, fogak, csonter\u0151s\u00edt\u0151<\/p>\n","protected":false},"excerpt":{"rendered":"<p>Tigrisszem felt\u00e9telezett hat\u00e1sa : mesterkrist\u00e1ly, nyugtat\u00f3, energia, idegrendszer, skizofr\u00e9nia, epilepszia, koncentr\u00e1ci\u00f3, b\u00e1tors\u00e1g, \u00f6nbecs\u00fcl\u00e9s, csontsorvad\u00e1s J\u00e1spis felt\u00e9telezett hat\u00e1sa : v\u00e9d\u0151, em\u00e9szt\u0151rendszer, ivarszervek, v\u00e9rkering\u00e9s, stresszold\u00f3, auratiszt\u00edt\u00f3 \u00d3nix felt\u00e9telezett hat\u00e1sa : energia, v\u00e9d\u0151, stabilit\u00e1s, kitart\u00e1s, stresszold\u00f3, csontok, fogak, csonter\u0151s\u00edt\u0151<\/p>\n","protected":false},"featured_media":1891,"comment_status":"open","ping_status":"closed","template":"","meta":{"_monsterinsights_skip_tracking":false,"_monsterinsights_sitenote_active":false,"_monsterinsights_sitenote_note":"","_monsterinsights_sitenote_category":0},"product_cat":[63],"product_tag":[],"yoast_head":"<!-- This site is optimized with the Yoast SEO plugin v20.9 - https:\/\/yoast.com\/wordpress\/plugins\/seo\/ -->\n<title>Tigrisszem, kiwi j\u00e1spis, \u00f3nix - Kalli<\/title>\n<meta name=\"robots\" content=\"index, follow, max-snippet:-1, max-image-preview:large, max-video-preview:-1\" \/>\n<link rel=\"canonical\" href=\"https:\/\/www.thekallidesign.com\/hu\/termek\/tigrisszem-kiwi-jaspis-onix\/\" \/>\n<meta property=\"og:locale\" content=\"hu_HU\" \/>\n<meta property=\"og:type\" content=\"article\" \/>\n<meta property=\"og:title\" content=\"Tigrisszem, kiwi j\u00e1spis, \u00f3nix - Kalli\" \/>\n<meta property=\"og:description\" content=\"Tigrisszem felt\u00e9telezett hat\u00e1sa : mesterkrist\u00e1ly, nyugtat\u00f3, energia, idegrendszer, skizofr\u00e9nia, epilepszia, koncentr\u00e1ci\u00f3, b\u00e1tors\u00e1g, \u00f6nbecs\u00fcl\u00e9s, csontsorvad\u00e1s J\u00e1spis felt\u00e9telezett hat\u00e1sa : v\u00e9d\u0151, em\u00e9szt\u0151rendszer, ivarszervek, v\u00e9rkering\u00e9s, stresszold\u00f3, auratiszt\u00edt\u00f3 \u00d3nix felt\u00e9telezett hat\u00e1sa : energia, v\u00e9d\u0151, stabilit\u00e1s, kitart\u00e1s, stresszold\u00f3, csontok, fogak, csonter\u0151s\u00edt\u0151\" \/>\n<meta property=\"og:url\" content=\"https:\/\/www.thekallidesign.com\/hu\/termek\/tigrisszem-kiwi-jaspis-onix\/\" \/>\n<meta property=\"og:site_name\" content=\"Kalli\" \/>\n<meta property=\"article:publisher\" content=\"https:\/\/www.facebook.com\/thekallidesign\/\" \/>\n<meta property=\"article:modified_time\" content=\"2023-08-30T13:50:28+00:00\" \/>\n<meta property=\"og:image\" content=\"https:\/\/www.thekallidesign.com\/wp-content\/uploads\/Tigrie-oko-kiwi-jaspis-onyx.jpg\" \/>\n\t<meta property=\"og:image:width\" content=\"2160\" \/>\n\t<meta property=\"og:image:height\" content=\"2160\" \/>\n\t<meta property=\"og:image:type\" content=\"image\/jpeg\" \/>\n<meta name=\"twitter:card\" content=\"summary_large_image\" \/>\n<script type=\"application\/ld+json\" class=\"yoast-schema-graph\">{\"@context\":\"https:\/\/schema.org\",\"@graph\":[{\"@type\":\"WebPage\",\"@id\":\"https:\/\/www.thekallidesign.com\/hu\/termek\/tigrisszem-kiwi-jaspis-onix\/\",\"url\":\"https:\/\/www.thekallidesign.com\/hu\/termek\/tigrisszem-kiwi-jaspis-onix\/\",\"name\":\"Tigrisszem, kiwi j\u00e1spis, \u00f3nix - Kalli\",\"isPartOf\":{\"@id\":\"https:\/\/www.thekallidesign.com\/hu\/#website\"},\"datePublished\":\"2022-04-25T13:36:38+00:00\",\"dateModified\":\"2023-08-30T13:50:28+00:00\",\"breadcrumb\":{\"@id\":\"https:\/\/www.thekallidesign.com\/hu\/termek\/tigrisszem-kiwi-jaspis-onix\/#breadcrumb\"},\"inLanguage\":\"hu\",\"potentialAction\":[{\"@type\":\"ReadAction\",\"target\":[\"https:\/\/www.thekallidesign.com\/hu\/termek\/tigrisszem-kiwi-jaspis-onix\/\"]}]},{\"@type\":\"BreadcrumbList\",\"@id\":\"https:\/\/www.thekallidesign.com\/hu\/termek\/tigrisszem-kiwi-jaspis-onix\/#breadcrumb\",\"itemListElement\":[{\"@type\":\"ListItem\",\"position\":1,\"name\":\"Home\",\"item\":\"https:\/\/www.thekallidesign.com\/hu\/\"},{\"@type\":\"ListItem\",\"position\":2,\"name\":\"\u00dczlet\",\"item\":\"https:\/\/www.thekallidesign.com\/hu\/shop\/\"},{\"@type\":\"ListItem\",\"position\":3,\"name\":\"Tigrisszem, kiwi j\u00e1spis, \u00f3nix\"}]},{\"@type\":\"WebSite\",\"@id\":\"https:\/\/www.thekallidesign.com\/hu\/#website\",\"url\":\"https:\/\/www.thekallidesign.com\/hu\/\",\"name\":\"The kalli Design\",\"description\":\"\",\"potentialAction\":[{\"@type\":\"SearchAction\",\"target\":{\"@type\":\"EntryPoint\",\"urlTemplate\":\"https:\/\/www.thekallidesign.com\/hu\/?s={search_term_string}\"},\"query-input\":\"required name=search_term_string\"}],\"inLanguage\":\"hu\"}]}<\/script>\n<!-- \/ Yoast SEO plugin. -->","yoast_head_json":{"title":"Tigrisszem, kiwi j\u00e1spis, \u00f3nix - Kalli","robots":{"index":"index","follow":"follow","max-snippet":"max-snippet:-1","max-image-preview":"max-image-preview:large","max-video-preview":"max-video-preview:-1"},"canonical":"https:\/\/www.thekallidesign.com\/hu\/termek\/tigrisszem-kiwi-jaspis-onix\/","og_locale":"hu_HU","og_type":"article","og_title":"Tigrisszem, kiwi j\u00e1spis, \u00f3nix - Kalli","og_description":"Tigrisszem felt\u00e9telezett hat\u00e1sa : mesterkrist\u00e1ly, nyugtat\u00f3, energia, idegrendszer, skizofr\u00e9nia, epilepszia, koncentr\u00e1ci\u00f3, b\u00e1tors\u00e1g, \u00f6nbecs\u00fcl\u00e9s, csontsorvad\u00e1s J\u00e1spis felt\u00e9telezett hat\u00e1sa : v\u00e9d\u0151, em\u00e9szt\u0151rendszer, ivarszervek, v\u00e9rkering\u00e9s, stresszold\u00f3, auratiszt\u00edt\u00f3 \u00d3nix felt\u00e9telezett hat\u00e1sa : energia, v\u00e9d\u0151, stabilit\u00e1s, kitart\u00e1s, stresszold\u00f3, csontok, fogak, csonter\u0151s\u00edt\u0151","og_url":"https:\/\/www.thekallidesign.com\/hu\/termek\/tigrisszem-kiwi-jaspis-onix\/","og_site_name":"Kalli","article_publisher":"https:\/\/www.facebook.com\/thekallidesign\/","article_modified_time":"2023-08-30T13:50:28+00:00","og_image":[{"width":2160,"height":2160,"url":"https:\/\/www.thekallidesign.com\/wp-content\/uploads\/Tigrie-oko-kiwi-jaspis-onyx.jpg","type":"image\/jpeg"}],"twitter_card":"summary_large_image","schema":{"@context":"https:\/\/schema.org","@graph":[{"@type":"WebPage","@id":"https:\/\/www.thekallidesign.com\/hu\/termek\/tigrisszem-kiwi-jaspis-onix\/","url":"https:\/\/www.thekallidesign.com\/hu\/termek\/tigrisszem-kiwi-jaspis-onix\/","name":"Tigrisszem, kiwi j\u00e1spis, \u00f3nix - Kalli","isPartOf":{"@id":"https:\/\/www.thekallidesign.com\/hu\/#website"},"datePublished":"2022-04-25T13:36:38+00:00","dateModified":"2023-08-30T13:50:28+00:00","breadcrumb":{"@id":"https:\/\/www.thekallidesign.com\/hu\/termek\/tigrisszem-kiwi-jaspis-onix\/#breadcrumb"},"inLanguage":"hu","potentialAction":[{"@type":"ReadAction","target":["https:\/\/www.thekallidesign.com\/hu\/termek\/tigrisszem-kiwi-jaspis-onix\/"]}]},{"@type":"BreadcrumbList","@id":"https:\/\/www.thekallidesign.com\/hu\/termek\/tigrisszem-kiwi-jaspis-onix\/#breadcrumb","itemListElement":[{"@type":"ListItem","position":1,"name":"Home","item":"https:\/\/www.thekallidesign.com\/hu\/"},{"@type":"ListItem","position":2,"name":"\u00dczlet","item":"https:\/\/www.thekallidesign.com\/hu\/shop\/"},{"@type":"ListItem","position":3,"name":"Tigrisszem, kiwi j\u00e1spis, \u00f3nix"}]},{"@type":"WebSite","@id":"https:\/\/www.thekallidesign.com\/hu\/#website","url":"https:\/\/www.thekallidesign.com\/hu\/","name":"The kalli Design","description":"","potentialAction":[{"@type":"SearchAction","target":{"@type":"EntryPoint","urlTemplate":"https:\/\/www.thekallidesign.com\/hu\/?s={search_term_string}"},"query-input":"required name=search_term_string"}],"inLanguage":"hu"}]}},"_links":{"self":[{"href":"https:\/\/www.thekallidesign.com\/hu\/wp-json\/wp\/v2\/product\/1804"}],"collection":[{"href":"https:\/\/www.thekallidesign.com\/hu\/wp-json\/wp\/v2\/product"}],"about":[{"href":"https:\/\/www.thekallidesign.com\/hu\/wp-json\/wp\/v2\/types\/product"}],"replies":[{"embeddable":true,"href":"https:\/\/www.thekallidesign.com\/hu\/wp-json\/wp\/v2\/comments?post=1804"}],"wp:featuredmedia":[{"embeddable":true,"href":"https:\/\/www.thekallidesign.com\/hu\/wp-json\/wp\/v2\/media\/1891"}],"wp:attachment":[{"href":"https:\/\/www.thekallidesign.com\/hu\/wp-json\/wp\/v2\/media?parent=1804"}],"wp:term":[{"taxonomy":"product_cat","embeddable":true,"href":"https:\/\/www.thekallidesign.com\/hu\/wp-json\/wp\/v2\/product_cat?post=1804"},{"taxonomy":"product_tag","embeddable":true,"href":"https:\/\/www.thekallidesign.com\/hu\/wp-json\/wp\/v2\/product_tag?post=1804"}],"curies":[{"name":"wp","href":"https:\/\/api.w.org\/{rel}","templated":true}]}}