{"id":1825,"date":"2022-04-25T16:50:32","date_gmt":"2022-04-25T14:50:32","guid":{"rendered":"https:\/\/dev.kalli.sk\/produkt\/tulit\/"},"modified":"2023-08-30T14:31:13","modified_gmt":"2023-08-30T12:31:13","slug":"thulit","status":"publish","type":"product","link":"https:\/\/www.thekallidesign.com\/hu\/termek\/thulit\/","title":{"rendered":"Thulit"},"content":{"rendered":"<p><strong>Thulit felt\u00e9telezett hat\u00e1sa :<\/strong> megk\u00f6nny\u00edti szenved\u00e9ly \u00e9s a szexu\u00e1lis \u00e9rzelem kifejez\u00e9sre juttat\u00e1s\u00e1t. Szab\u00e1lyozza a szervezet kalciumszintj\u00e9t, \u00e9s j\u00f3t\u00e9konyan hat a gyomorb\u00e1ntalmakra. Fokozza a term\u00e9kenys\u00e9get, gy\u00f3gy\u00edtja a nemz\u0151szervek betegs\u00e9geit. Er\u0151s\u00edt\u0151 \u00e9s regener\u00e1l\u00f3 k\u0151, hasznos v\u00e9szes gyenges\u00e9g, idegi kimer\u00fclts\u00e9g eset\u00e9n.   <\/p>\n","protected":false},"excerpt":{"rendered":"<p>Thulit felt\u00e9telezett hat\u00e1sa : megk\u00f6nny\u00edti szenved\u00e9ly \u00e9s a szexu\u00e1lis \u00e9rzelem kifejez\u00e9sre juttat\u00e1s\u00e1t. Szab\u00e1lyozza a szervezet kalciumszintj\u00e9t, \u00e9s j\u00f3t\u00e9konyan hat a gyomorb\u00e1ntalmakra. Fokozza a term\u00e9kenys\u00e9get, gy\u00f3gy\u00edtja a nemz\u0151szervek betegs\u00e9geit. Er\u0151s\u00edt\u0151 \u00e9s regener\u00e1l\u00f3 k\u0151, hasznos v\u00e9szes gyenges\u00e9g, idegi kimer\u00fclts\u00e9g eset\u00e9n.<\/p>\n","protected":false},"featured_media":2903,"comment_status":"open","ping_status":"closed","template":"","meta":{"_monsterinsights_skip_tracking":false,"_monsterinsights_sitenote_active":false,"_monsterinsights_sitenote_note":"","_monsterinsights_sitenote_category":0},"product_cat":[63],"product_tag":[],"yoast_head":"<!-- This site is optimized with the Yoast SEO plugin v20.9 - https:\/\/yoast.com\/wordpress\/plugins\/seo\/ -->\n<title>Thulit - Kalli<\/title>\n<meta name=\"robots\" content=\"index, follow, max-snippet:-1, max-image-preview:large, max-video-preview:-1\" \/>\n<link rel=\"canonical\" href=\"https:\/\/www.thekallidesign.com\/hu\/termek\/thulit\/\" \/>\n<meta property=\"og:locale\" content=\"hu_HU\" \/>\n<meta property=\"og:type\" content=\"article\" \/>\n<meta property=\"og:title\" content=\"Thulit - Kalli\" \/>\n<meta property=\"og:description\" content=\"Thulit felt\u00e9telezett hat\u00e1sa : megk\u00f6nny\u00edti szenved\u00e9ly \u00e9s a szexu\u00e1lis \u00e9rzelem kifejez\u00e9sre juttat\u00e1s\u00e1t. Szab\u00e1lyozza a szervezet kalciumszintj\u00e9t, \u00e9s j\u00f3t\u00e9konyan hat a gyomorb\u00e1ntalmakra. Fokozza a term\u00e9kenys\u00e9get, gy\u00f3gy\u00edtja a nemz\u0151szervek betegs\u00e9geit. Er\u0151s\u00edt\u0151 \u00e9s regener\u00e1l\u00f3 k\u0151, hasznos v\u00e9szes gyenges\u00e9g, idegi kimer\u00fclts\u00e9g eset\u00e9n.\" \/>\n<meta property=\"og:url\" content=\"https:\/\/www.thekallidesign.com\/hu\/termek\/thulit\/\" \/>\n<meta property=\"og:site_name\" content=\"Kalli\" \/>\n<meta property=\"article:publisher\" content=\"https:\/\/www.facebook.com\/thekallidesign\/\" \/>\n<meta property=\"article:modified_time\" content=\"2023-08-30T12:31:13+00:00\" \/>\n<meta property=\"og:image\" content=\"https:\/\/www.thekallidesign.com\/wp-content\/uploads\/Tulit.jpg\" \/>\n\t<meta property=\"og:image:width\" content=\"2560\" \/>\n\t<meta property=\"og:image:height\" content=\"2560\" \/>\n\t<meta property=\"og:image:type\" content=\"image\/jpeg\" \/>\n<meta name=\"twitter:card\" content=\"summary_large_image\" \/>\n<script type=\"application\/ld+json\" class=\"yoast-schema-graph\">{\"@context\":\"https:\/\/schema.org\",\"@graph\":[{\"@type\":\"WebPage\",\"@id\":\"https:\/\/www.thekallidesign.com\/hu\/termek\/thulit\/\",\"url\":\"https:\/\/www.thekallidesign.com\/hu\/termek\/thulit\/\",\"name\":\"Thulit - Kalli\",\"isPartOf\":{\"@id\":\"https:\/\/www.thekallidesign.com\/hu\/#website\"},\"datePublished\":\"2022-04-25T14:50:32+00:00\",\"dateModified\":\"2023-08-30T12:31:13+00:00\",\"breadcrumb\":{\"@id\":\"https:\/\/www.thekallidesign.com\/hu\/termek\/thulit\/#breadcrumb\"},\"inLanguage\":\"hu\",\"potentialAction\":[{\"@type\":\"ReadAction\",\"target\":[\"https:\/\/www.thekallidesign.com\/hu\/termek\/thulit\/\"]}]},{\"@type\":\"BreadcrumbList\",\"@id\":\"https:\/\/www.thekallidesign.com\/hu\/termek\/thulit\/#breadcrumb\",\"itemListElement\":[{\"@type\":\"ListItem\",\"position\":1,\"name\":\"Home\",\"item\":\"https:\/\/www.thekallidesign.com\/hu\/\"},{\"@type\":\"ListItem\",\"position\":2,\"name\":\"\u00dczlet\",\"item\":\"https:\/\/www.thekallidesign.com\/hu\/shop\/\"},{\"@type\":\"ListItem\",\"position\":3,\"name\":\"Thulit\"}]},{\"@type\":\"WebSite\",\"@id\":\"https:\/\/www.thekallidesign.com\/hu\/#website\",\"url\":\"https:\/\/www.thekallidesign.com\/hu\/\",\"name\":\"The kalli Design\",\"description\":\"\",\"potentialAction\":[{\"@type\":\"SearchAction\",\"target\":{\"@type\":\"EntryPoint\",\"urlTemplate\":\"https:\/\/www.thekallidesign.com\/hu\/?s={search_term_string}\"},\"query-input\":\"required name=search_term_string\"}],\"inLanguage\":\"hu\"}]}<\/script>\n<!-- \/ Yoast SEO plugin. -->","yoast_head_json":{"title":"Thulit - Kalli","robots":{"index":"index","follow":"follow","max-snippet":"max-snippet:-1","max-image-preview":"max-image-preview:large","max-video-preview":"max-video-preview:-1"},"canonical":"https:\/\/www.thekallidesign.com\/hu\/termek\/thulit\/","og_locale":"hu_HU","og_type":"article","og_title":"Thulit - Kalli","og_description":"Thulit felt\u00e9telezett hat\u00e1sa : megk\u00f6nny\u00edti szenved\u00e9ly \u00e9s a szexu\u00e1lis \u00e9rzelem kifejez\u00e9sre juttat\u00e1s\u00e1t. Szab\u00e1lyozza a szervezet kalciumszintj\u00e9t, \u00e9s j\u00f3t\u00e9konyan hat a gyomorb\u00e1ntalmakra. Fokozza a term\u00e9kenys\u00e9get, gy\u00f3gy\u00edtja a nemz\u0151szervek betegs\u00e9geit. Er\u0151s\u00edt\u0151 \u00e9s regener\u00e1l\u00f3 k\u0151, hasznos v\u00e9szes gyenges\u00e9g, idegi kimer\u00fclts\u00e9g eset\u00e9n.","og_url":"https:\/\/www.thekallidesign.com\/hu\/termek\/thulit\/","og_site_name":"Kalli","article_publisher":"https:\/\/www.facebook.com\/thekallidesign\/","article_modified_time":"2023-08-30T12:31:13+00:00","og_image":[{"width":2560,"height":2560,"url":"https:\/\/www.thekallidesign.com\/wp-content\/uploads\/Tulit.jpg","type":"image\/jpeg"}],"twitter_card":"summary_large_image","schema":{"@context":"https:\/\/schema.org","@graph":[{"@type":"WebPage","@id":"https:\/\/www.thekallidesign.com\/hu\/termek\/thulit\/","url":"https:\/\/www.thekallidesign.com\/hu\/termek\/thulit\/","name":"Thulit - Kalli","isPartOf":{"@id":"https:\/\/www.thekallidesign.com\/hu\/#website"},"datePublished":"2022-04-25T14:50:32+00:00","dateModified":"2023-08-30T12:31:13+00:00","breadcrumb":{"@id":"https:\/\/www.thekallidesign.com\/hu\/termek\/thulit\/#breadcrumb"},"inLanguage":"hu","potentialAction":[{"@type":"ReadAction","target":["https:\/\/www.thekallidesign.com\/hu\/termek\/thulit\/"]}]},{"@type":"BreadcrumbList","@id":"https:\/\/www.thekallidesign.com\/hu\/termek\/thulit\/#breadcrumb","itemListElement":[{"@type":"ListItem","position":1,"name":"Home","item":"https:\/\/www.thekallidesign.com\/hu\/"},{"@type":"ListItem","position":2,"name":"\u00dczlet","item":"https:\/\/www.thekallidesign.com\/hu\/shop\/"},{"@type":"ListItem","position":3,"name":"Thulit"}]},{"@type":"WebSite","@id":"https:\/\/www.thekallidesign.com\/hu\/#website","url":"https:\/\/www.thekallidesign.com\/hu\/","name":"The kalli Design","description":"","potentialAction":[{"@type":"SearchAction","target":{"@type":"EntryPoint","urlTemplate":"https:\/\/www.thekallidesign.com\/hu\/?s={search_term_string}"},"query-input":"required name=search_term_string"}],"inLanguage":"hu"}]}},"_links":{"self":[{"href":"https:\/\/www.thekallidesign.com\/hu\/wp-json\/wp\/v2\/product\/1825"}],"collection":[{"href":"https:\/\/www.thekallidesign.com\/hu\/wp-json\/wp\/v2\/product"}],"about":[{"href":"https:\/\/www.thekallidesign.com\/hu\/wp-json\/wp\/v2\/types\/product"}],"replies":[{"embeddable":true,"href":"https:\/\/www.thekallidesign.com\/hu\/wp-json\/wp\/v2\/comments?post=1825"}],"wp:featuredmedia":[{"embeddable":true,"href":"https:\/\/www.thekallidesign.com\/hu\/wp-json\/wp\/v2\/media\/2903"}],"wp:attachment":[{"href":"https:\/\/www.thekallidesign.com\/hu\/wp-json\/wp\/v2\/media?parent=1825"}],"wp:term":[{"taxonomy":"product_cat","embeddable":true,"href":"https:\/\/www.thekallidesign.com\/hu\/wp-json\/wp\/v2\/product_cat?post=1825"},{"taxonomy":"product_tag","embeddable":true,"href":"https:\/\/www.thekallidesign.com\/hu\/wp-json\/wp\/v2\/product_tag?post=1825"}],"curies":[{"name":"wp","href":"https:\/\/api.w.org\/{rel}","templated":true}]}}