{"id":2485,"date":"2023-08-30T18:20:40","date_gmt":"2023-08-30T16:20:40","guid":{"rendered":"https:\/\/www.thekallidesign.com\/produkt\/zebradorit\/"},"modified":"2023-08-30T18:20:40","modified_gmt":"2023-08-30T16:20:40","slug":"zebradorit","status":"publish","type":"product","link":"https:\/\/www.thekallidesign.com\/hu\/termek\/zebradorit\/","title":{"rendered":"Zebradorit"},"content":{"rendered":"<p><strong>Zebradorit felt\u00e9telezett hat\u00e1sai : <\/strong>A zebradorit m\u00e1s n\u00e9ven zebra-k\u0151 az egyik leghat\u00e1sosabb f\u00f6ldel\u0151, kiegyenl\u00edt\u0151 \u00e1sv\u00e1nyok egyike. Haszn\u00e1l\u00f3j\u00e1nak seg\u00edt eligazodni a spiritu\u00e1lis \u00e9s a f\u00f6ldi \u00e9let k\u00f6z\u00f6tt, megteremtve a t\u00f6k\u00e9letes egys\u00e9get. Megtan\u00edt arra, mik\u00e9nt lehet sz\u00e1munkra kedvez\u0151en teljes \u00e9rt\u00e9k\u0171 \u00e9letet \u00e9lni. Seg\u00edts\u00e9g\u00e9vel levetk\u0151zhet\u0151 a k\u00f6z\u00f6ny, a f\u00e1sults\u00e1g. Szenved\u00e9llyel, lelkesed\u00e9ssel, \u00e9leter\u0151vel t\u00f6lt fel. Kifejezetten aj\u00e1nlott a depresszi\u00f3ban \u00e9s a szorong\u00e1sos betegs\u00e9gben szenved\u0151knek. A m\u0171v\u00e9szi \u00f6nkifejez\u00e9st fokozza. Az eredeti zebradorit ritka \u00e1sv\u00e1ny, gyakran \u00fcled\u00e9kes j\u00e1spist adnak el ezen a n\u00e9ven, ez\u00e9rt \u00e9rdemes csak a megfelel\u0151 \u00e9s biztons\u00e1gos helyr\u0151l beszerezni. Fizikai szinten j\u00f3 hat\u00e1ssal van a csontokra, a ves\u00e9kre, a v\u00e9rre, a nyirok\u00e1raml\u00e1sra.        <\/p>\n","protected":false},"excerpt":{"rendered":"<p>Zebradorit felt\u00e9telezett hat\u00e1sai : A zebradorit m\u00e1s n\u00e9ven zebra-k\u0151 az egyik leghat\u00e1sosabb f\u00f6ldel\u0151, kiegyenl\u00edt\u0151 \u00e1sv\u00e1nyok egyike. Haszn\u00e1l\u00f3j\u00e1nak seg\u00edt eligazodni a spiritu\u00e1lis \u00e9s a f\u00f6ldi \u00e9let k\u00f6z\u00f6tt, megteremtve a t\u00f6k\u00e9letes egys\u00e9get. Megtan\u00edt arra, mik\u00e9nt lehet sz\u00e1munkra kedvez\u0151en teljes \u00e9rt\u00e9k\u0171 \u00e9letet \u00e9lni. Seg\u00edts\u00e9g\u00e9vel levetk\u0151zhet\u0151 a k\u00f6z\u00f6ny, a f\u00e1sults\u00e1g. Szenved\u00e9llyel, lelkesed\u00e9ssel, \u00e9leter\u0151vel t\u00f6lt fel. Kifejezetten aj\u00e1nlott a depresszi\u00f3ban [&#8230;]\n","protected":false},"featured_media":2473,"comment_status":"open","ping_status":"closed","template":"","meta":{"_monsterinsights_skip_tracking":false,"_monsterinsights_sitenote_active":false,"_monsterinsights_sitenote_note":"","_monsterinsights_sitenote_category":0},"product_cat":[63],"product_tag":[],"yoast_head":"<!-- This site is optimized with the Yoast SEO plugin v20.9 - https:\/\/yoast.com\/wordpress\/plugins\/seo\/ -->\n<title>Zebradorit - Kalli<\/title>\n<meta name=\"robots\" content=\"index, follow, max-snippet:-1, max-image-preview:large, max-video-preview:-1\" \/>\n<link rel=\"canonical\" href=\"https:\/\/www.thekallidesign.com\/hu\/termek\/zebradorit\/\" \/>\n<meta property=\"og:locale\" content=\"hu_HU\" \/>\n<meta property=\"og:type\" content=\"article\" \/>\n<meta property=\"og:title\" content=\"Zebradorit - Kalli\" \/>\n<meta property=\"og:description\" content=\"Zebradorit felt\u00e9telezett hat\u00e1sai : A zebradorit m\u00e1s n\u00e9ven zebra-k\u0151 az egyik leghat\u00e1sosabb f\u00f6ldel\u0151, kiegyenl\u00edt\u0151 \u00e1sv\u00e1nyok egyike. Haszn\u00e1l\u00f3j\u00e1nak seg\u00edt eligazodni a spiritu\u00e1lis \u00e9s a f\u00f6ldi \u00e9let k\u00f6z\u00f6tt, megteremtve a t\u00f6k\u00e9letes egys\u00e9get. Megtan\u00edt arra, mik\u00e9nt lehet sz\u00e1munkra kedvez\u0151en teljes \u00e9rt\u00e9k\u0171 \u00e9letet \u00e9lni. Seg\u00edts\u00e9g\u00e9vel levetk\u0151zhet\u0151 a k\u00f6z\u00f6ny, a f\u00e1sults\u00e1g. Szenved\u00e9llyel, lelkesed\u00e9ssel, \u00e9leter\u0151vel t\u00f6lt fel. Kifejezetten aj\u00e1nlott a depresszi\u00f3ban [...]\" \/>\n<meta property=\"og:url\" content=\"https:\/\/www.thekallidesign.com\/hu\/termek\/zebradorit\/\" \/>\n<meta property=\"og:site_name\" content=\"Kalli\" \/>\n<meta property=\"article:publisher\" content=\"https:\/\/www.facebook.com\/thekallidesign\/\" \/>\n<meta property=\"og:image\" content=\"https:\/\/www.thekallidesign.com\/wp-content\/uploads\/664ADFB1-E6F5-4DEE-8379-8BB31275C45D.jpeg\" \/>\n\t<meta property=\"og:image:width\" content=\"4096\" \/>\n\t<meta property=\"og:image:height\" content=\"4096\" \/>\n\t<meta property=\"og:image:type\" content=\"image\/jpeg\" \/>\n<meta name=\"twitter:card\" content=\"summary_large_image\" \/>\n<meta name=\"twitter:label1\" content=\"Becs\u00fclt olvas\u00e1si id\u0151\" \/>\n\t<meta name=\"twitter:data1\" content=\"1 perc\" \/>\n<script type=\"application\/ld+json\" class=\"yoast-schema-graph\">{\"@context\":\"https:\/\/schema.org\",\"@graph\":[{\"@type\":\"WebPage\",\"@id\":\"https:\/\/www.thekallidesign.com\/hu\/termek\/zebradorit\/\",\"url\":\"https:\/\/www.thekallidesign.com\/hu\/termek\/zebradorit\/\",\"name\":\"Zebradorit - Kalli\",\"isPartOf\":{\"@id\":\"https:\/\/www.thekallidesign.com\/hu\/#website\"},\"datePublished\":\"2023-08-30T16:20:40+00:00\",\"dateModified\":\"2023-08-30T16:20:40+00:00\",\"breadcrumb\":{\"@id\":\"https:\/\/www.thekallidesign.com\/hu\/termek\/zebradorit\/#breadcrumb\"},\"inLanguage\":\"hu\",\"potentialAction\":[{\"@type\":\"ReadAction\",\"target\":[\"https:\/\/www.thekallidesign.com\/hu\/termek\/zebradorit\/\"]}]},{\"@type\":\"BreadcrumbList\",\"@id\":\"https:\/\/www.thekallidesign.com\/hu\/termek\/zebradorit\/#breadcrumb\",\"itemListElement\":[{\"@type\":\"ListItem\",\"position\":1,\"name\":\"Home\",\"item\":\"https:\/\/www.thekallidesign.com\/hu\/\"},{\"@type\":\"ListItem\",\"position\":2,\"name\":\"\u00dczlet\",\"item\":\"https:\/\/www.thekallidesign.com\/hu\/shop\/\"},{\"@type\":\"ListItem\",\"position\":3,\"name\":\"Zebradorit\"}]},{\"@type\":\"WebSite\",\"@id\":\"https:\/\/www.thekallidesign.com\/hu\/#website\",\"url\":\"https:\/\/www.thekallidesign.com\/hu\/\",\"name\":\"The kalli Design\",\"description\":\"\",\"potentialAction\":[{\"@type\":\"SearchAction\",\"target\":{\"@type\":\"EntryPoint\",\"urlTemplate\":\"https:\/\/www.thekallidesign.com\/hu\/?s={search_term_string}\"},\"query-input\":\"required name=search_term_string\"}],\"inLanguage\":\"hu\"}]}<\/script>\n<!-- \/ Yoast SEO plugin. -->","yoast_head_json":{"title":"Zebradorit - Kalli","robots":{"index":"index","follow":"follow","max-snippet":"max-snippet:-1","max-image-preview":"max-image-preview:large","max-video-preview":"max-video-preview:-1"},"canonical":"https:\/\/www.thekallidesign.com\/hu\/termek\/zebradorit\/","og_locale":"hu_HU","og_type":"article","og_title":"Zebradorit - Kalli","og_description":"Zebradorit felt\u00e9telezett hat\u00e1sai : A zebradorit m\u00e1s n\u00e9ven zebra-k\u0151 az egyik leghat\u00e1sosabb f\u00f6ldel\u0151, kiegyenl\u00edt\u0151 \u00e1sv\u00e1nyok egyike. Haszn\u00e1l\u00f3j\u00e1nak seg\u00edt eligazodni a spiritu\u00e1lis \u00e9s a f\u00f6ldi \u00e9let k\u00f6z\u00f6tt, megteremtve a t\u00f6k\u00e9letes egys\u00e9get. Megtan\u00edt arra, mik\u00e9nt lehet sz\u00e1munkra kedvez\u0151en teljes \u00e9rt\u00e9k\u0171 \u00e9letet \u00e9lni. Seg\u00edts\u00e9g\u00e9vel levetk\u0151zhet\u0151 a k\u00f6z\u00f6ny, a f\u00e1sults\u00e1g. Szenved\u00e9llyel, lelkesed\u00e9ssel, \u00e9leter\u0151vel t\u00f6lt fel. Kifejezetten aj\u00e1nlott a depresszi\u00f3ban [...]","og_url":"https:\/\/www.thekallidesign.com\/hu\/termek\/zebradorit\/","og_site_name":"Kalli","article_publisher":"https:\/\/www.facebook.com\/thekallidesign\/","og_image":[{"width":4096,"height":4096,"url":"https:\/\/www.thekallidesign.com\/wp-content\/uploads\/664ADFB1-E6F5-4DEE-8379-8BB31275C45D.jpeg","type":"image\/jpeg"}],"twitter_card":"summary_large_image","twitter_misc":{"Becs\u00fclt olvas\u00e1si id\u0151":"1 perc"},"schema":{"@context":"https:\/\/schema.org","@graph":[{"@type":"WebPage","@id":"https:\/\/www.thekallidesign.com\/hu\/termek\/zebradorit\/","url":"https:\/\/www.thekallidesign.com\/hu\/termek\/zebradorit\/","name":"Zebradorit - Kalli","isPartOf":{"@id":"https:\/\/www.thekallidesign.com\/hu\/#website"},"datePublished":"2023-08-30T16:20:40+00:00","dateModified":"2023-08-30T16:20:40+00:00","breadcrumb":{"@id":"https:\/\/www.thekallidesign.com\/hu\/termek\/zebradorit\/#breadcrumb"},"inLanguage":"hu","potentialAction":[{"@type":"ReadAction","target":["https:\/\/www.thekallidesign.com\/hu\/termek\/zebradorit\/"]}]},{"@type":"BreadcrumbList","@id":"https:\/\/www.thekallidesign.com\/hu\/termek\/zebradorit\/#breadcrumb","itemListElement":[{"@type":"ListItem","position":1,"name":"Home","item":"https:\/\/www.thekallidesign.com\/hu\/"},{"@type":"ListItem","position":2,"name":"\u00dczlet","item":"https:\/\/www.thekallidesign.com\/hu\/shop\/"},{"@type":"ListItem","position":3,"name":"Zebradorit"}]},{"@type":"WebSite","@id":"https:\/\/www.thekallidesign.com\/hu\/#website","url":"https:\/\/www.thekallidesign.com\/hu\/","name":"The kalli Design","description":"","potentialAction":[{"@type":"SearchAction","target":{"@type":"EntryPoint","urlTemplate":"https:\/\/www.thekallidesign.com\/hu\/?s={search_term_string}"},"query-input":"required name=search_term_string"}],"inLanguage":"hu"}]}},"_links":{"self":[{"href":"https:\/\/www.thekallidesign.com\/hu\/wp-json\/wp\/v2\/product\/2485"}],"collection":[{"href":"https:\/\/www.thekallidesign.com\/hu\/wp-json\/wp\/v2\/product"}],"about":[{"href":"https:\/\/www.thekallidesign.com\/hu\/wp-json\/wp\/v2\/types\/product"}],"replies":[{"embeddable":true,"href":"https:\/\/www.thekallidesign.com\/hu\/wp-json\/wp\/v2\/comments?post=2485"}],"wp:featuredmedia":[{"embeddable":true,"href":"https:\/\/www.thekallidesign.com\/hu\/wp-json\/wp\/v2\/media\/2473"}],"wp:attachment":[{"href":"https:\/\/www.thekallidesign.com\/hu\/wp-json\/wp\/v2\/media?parent=2485"}],"wp:term":[{"taxonomy":"product_cat","embeddable":true,"href":"https:\/\/www.thekallidesign.com\/hu\/wp-json\/wp\/v2\/product_cat?post=2485"},{"taxonomy":"product_tag","embeddable":true,"href":"https:\/\/www.thekallidesign.com\/hu\/wp-json\/wp\/v2\/product_tag?post=2485"}],"curies":[{"name":"wp","href":"https:\/\/api.w.org\/{rel}","templated":true}]}}