{"id":2987,"date":"2023-09-06T12:58:44","date_gmt":"2023-09-06T10:58:44","guid":{"rendered":"https:\/\/www.thekallidesign.com\/produkt\/citrin\/"},"modified":"2023-09-06T13:00:57","modified_gmt":"2023-09-06T11:00:57","slug":"citrin","status":"publish","type":"product","link":"https:\/\/www.thekallidesign.com\/hu\/termek\/citrin\/","title":{"rendered":"Citrin"},"content":{"rendered":"<p><strong>Citrin felt\u00e9telezett hat\u00e1sa :<\/strong> boldogs\u00e1g, v\u00e9d\u0151, sejtregener\u00e1l\u00f3, \u00f6nbizalom, hasny\u00e1lmirigy, cukorbetegs\u00e9g, m\u00e9regtelen\u00edt\u0151, pajzsmirigy, idegrendszer, gazdags\u00e1g<\/p>\n","protected":false},"excerpt":{"rendered":"<p>Citrin felt\u00e9telezett hat\u00e1sa : boldogs\u00e1g, v\u00e9d\u0151, sejtregener\u00e1l\u00f3, \u00f6nbizalom, hasny\u00e1lmirigy, cukorbetegs\u00e9g, m\u00e9regtelen\u00edt\u0151, pajzsmirigy, idegrendszer, gazdags\u00e1g<\/p>\n","protected":false},"featured_media":2975,"comment_status":"open","ping_status":"closed","template":"","meta":{"_monsterinsights_skip_tracking":false,"_monsterinsights_sitenote_active":false,"_monsterinsights_sitenote_note":"","_monsterinsights_sitenote_category":0},"product_cat":[63],"product_tag":[],"yoast_head":"<!-- This site is optimized with the Yoast SEO plugin v20.9 - https:\/\/yoast.com\/wordpress\/plugins\/seo\/ -->\n<title>Citrin - Kalli<\/title>\n<meta name=\"robots\" content=\"index, follow, max-snippet:-1, max-image-preview:large, max-video-preview:-1\" \/>\n<link rel=\"canonical\" href=\"https:\/\/www.thekallidesign.com\/hu\/termek\/citrin\/\" \/>\n<meta property=\"og:locale\" content=\"hu_HU\" \/>\n<meta property=\"og:type\" content=\"article\" \/>\n<meta property=\"og:title\" content=\"Citrin - Kalli\" \/>\n<meta property=\"og:description\" content=\"Citrin felt\u00e9telezett hat\u00e1sa : boldogs\u00e1g, v\u00e9d\u0151, sejtregener\u00e1l\u00f3, \u00f6nbizalom, hasny\u00e1lmirigy, cukorbetegs\u00e9g, m\u00e9regtelen\u00edt\u0151, pajzsmirigy, idegrendszer, gazdags\u00e1g\" \/>\n<meta property=\"og:url\" content=\"https:\/\/www.thekallidesign.com\/hu\/termek\/citrin\/\" \/>\n<meta property=\"og:site_name\" content=\"Kalli\" \/>\n<meta property=\"article:publisher\" content=\"https:\/\/www.facebook.com\/thekallidesign\/\" \/>\n<meta property=\"article:modified_time\" content=\"2023-09-06T11:00:57+00:00\" \/>\n<meta property=\"og:image\" content=\"https:\/\/www.thekallidesign.com\/wp-content\/uploads\/Polish_20230906_124100006.jpeg\" \/>\n\t<meta property=\"og:image:width\" content=\"4096\" \/>\n\t<meta property=\"og:image:height\" content=\"4096\" \/>\n\t<meta property=\"og:image:type\" content=\"image\/jpeg\" \/>\n<meta name=\"twitter:card\" content=\"summary_large_image\" \/>\n<script type=\"application\/ld+json\" class=\"yoast-schema-graph\">{\"@context\":\"https:\/\/schema.org\",\"@graph\":[{\"@type\":\"WebPage\",\"@id\":\"https:\/\/www.thekallidesign.com\/hu\/termek\/citrin\/\",\"url\":\"https:\/\/www.thekallidesign.com\/hu\/termek\/citrin\/\",\"name\":\"Citrin - Kalli\",\"isPartOf\":{\"@id\":\"https:\/\/www.thekallidesign.com\/hu\/#website\"},\"datePublished\":\"2023-09-06T10:58:44+00:00\",\"dateModified\":\"2023-09-06T11:00:57+00:00\",\"breadcrumb\":{\"@id\":\"https:\/\/www.thekallidesign.com\/hu\/termek\/citrin\/#breadcrumb\"},\"inLanguage\":\"hu\",\"potentialAction\":[{\"@type\":\"ReadAction\",\"target\":[\"https:\/\/www.thekallidesign.com\/hu\/termek\/citrin\/\"]}]},{\"@type\":\"BreadcrumbList\",\"@id\":\"https:\/\/www.thekallidesign.com\/hu\/termek\/citrin\/#breadcrumb\",\"itemListElement\":[{\"@type\":\"ListItem\",\"position\":1,\"name\":\"Home\",\"item\":\"https:\/\/www.thekallidesign.com\/hu\/\"},{\"@type\":\"ListItem\",\"position\":2,\"name\":\"\u00dczlet\",\"item\":\"https:\/\/www.thekallidesign.com\/hu\/shop\/\"},{\"@type\":\"ListItem\",\"position\":3,\"name\":\"Citrin\"}]},{\"@type\":\"WebSite\",\"@id\":\"https:\/\/www.thekallidesign.com\/hu\/#website\",\"url\":\"https:\/\/www.thekallidesign.com\/hu\/\",\"name\":\"The kalli Design\",\"description\":\"\",\"potentialAction\":[{\"@type\":\"SearchAction\",\"target\":{\"@type\":\"EntryPoint\",\"urlTemplate\":\"https:\/\/www.thekallidesign.com\/hu\/?s={search_term_string}\"},\"query-input\":\"required name=search_term_string\"}],\"inLanguage\":\"hu\"}]}<\/script>\n<!-- \/ Yoast SEO plugin. -->","yoast_head_json":{"title":"Citrin - Kalli","robots":{"index":"index","follow":"follow","max-snippet":"max-snippet:-1","max-image-preview":"max-image-preview:large","max-video-preview":"max-video-preview:-1"},"canonical":"https:\/\/www.thekallidesign.com\/hu\/termek\/citrin\/","og_locale":"hu_HU","og_type":"article","og_title":"Citrin - Kalli","og_description":"Citrin felt\u00e9telezett hat\u00e1sa : boldogs\u00e1g, v\u00e9d\u0151, sejtregener\u00e1l\u00f3, \u00f6nbizalom, hasny\u00e1lmirigy, cukorbetegs\u00e9g, m\u00e9regtelen\u00edt\u0151, pajzsmirigy, idegrendszer, gazdags\u00e1g","og_url":"https:\/\/www.thekallidesign.com\/hu\/termek\/citrin\/","og_site_name":"Kalli","article_publisher":"https:\/\/www.facebook.com\/thekallidesign\/","article_modified_time":"2023-09-06T11:00:57+00:00","og_image":[{"width":4096,"height":4096,"url":"https:\/\/www.thekallidesign.com\/wp-content\/uploads\/Polish_20230906_124100006.jpeg","type":"image\/jpeg"}],"twitter_card":"summary_large_image","schema":{"@context":"https:\/\/schema.org","@graph":[{"@type":"WebPage","@id":"https:\/\/www.thekallidesign.com\/hu\/termek\/citrin\/","url":"https:\/\/www.thekallidesign.com\/hu\/termek\/citrin\/","name":"Citrin - Kalli","isPartOf":{"@id":"https:\/\/www.thekallidesign.com\/hu\/#website"},"datePublished":"2023-09-06T10:58:44+00:00","dateModified":"2023-09-06T11:00:57+00:00","breadcrumb":{"@id":"https:\/\/www.thekallidesign.com\/hu\/termek\/citrin\/#breadcrumb"},"inLanguage":"hu","potentialAction":[{"@type":"ReadAction","target":["https:\/\/www.thekallidesign.com\/hu\/termek\/citrin\/"]}]},{"@type":"BreadcrumbList","@id":"https:\/\/www.thekallidesign.com\/hu\/termek\/citrin\/#breadcrumb","itemListElement":[{"@type":"ListItem","position":1,"name":"Home","item":"https:\/\/www.thekallidesign.com\/hu\/"},{"@type":"ListItem","position":2,"name":"\u00dczlet","item":"https:\/\/www.thekallidesign.com\/hu\/shop\/"},{"@type":"ListItem","position":3,"name":"Citrin"}]},{"@type":"WebSite","@id":"https:\/\/www.thekallidesign.com\/hu\/#website","url":"https:\/\/www.thekallidesign.com\/hu\/","name":"The kalli Design","description":"","potentialAction":[{"@type":"SearchAction","target":{"@type":"EntryPoint","urlTemplate":"https:\/\/www.thekallidesign.com\/hu\/?s={search_term_string}"},"query-input":"required name=search_term_string"}],"inLanguage":"hu"}]}},"_links":{"self":[{"href":"https:\/\/www.thekallidesign.com\/hu\/wp-json\/wp\/v2\/product\/2987"}],"collection":[{"href":"https:\/\/www.thekallidesign.com\/hu\/wp-json\/wp\/v2\/product"}],"about":[{"href":"https:\/\/www.thekallidesign.com\/hu\/wp-json\/wp\/v2\/types\/product"}],"replies":[{"embeddable":true,"href":"https:\/\/www.thekallidesign.com\/hu\/wp-json\/wp\/v2\/comments?post=2987"}],"wp:featuredmedia":[{"embeddable":true,"href":"https:\/\/www.thekallidesign.com\/hu\/wp-json\/wp\/v2\/media\/2975"}],"wp:attachment":[{"href":"https:\/\/www.thekallidesign.com\/hu\/wp-json\/wp\/v2\/media?parent=2987"}],"wp:term":[{"taxonomy":"product_cat","embeddable":true,"href":"https:\/\/www.thekallidesign.com\/hu\/wp-json\/wp\/v2\/product_cat?post=2987"},{"taxonomy":"product_tag","embeddable":true,"href":"https:\/\/www.thekallidesign.com\/hu\/wp-json\/wp\/v2\/product_tag?post=2987"}],"curies":[{"name":"wp","href":"https:\/\/api.w.org\/{rel}","templated":true}]}}