{"id":3092,"date":"2023-09-06T13:57:57","date_gmt":"2023-09-06T11:57:57","guid":{"rendered":"https:\/\/www.thekallidesign.com\/produkt\/eperkvarc\/"},"modified":"2023-09-06T13:57:57","modified_gmt":"2023-09-06T11:57:57","slug":"eperkvarc","status":"publish","type":"product","link":"https:\/\/www.thekallidesign.com\/hu\/termek\/eperkvarc\/","title":{"rendered":"Eperkvarc"},"content":{"rendered":"<p><strong>Eperkvarc felt\u00e9telezett hat\u00e1sa :<\/strong>Pozit\u00edv n\u00e9z\u0151ponttal aj\u00e1nd\u00e9koz meg, nyugtatja a feld\u00falt elm\u00e9t, \u00f6r\u00f6m\u00f6t, boldogs\u00e1got hoz. Intenz\u00edv energi\u00e1val rendelkezik, er\u0151s\u00edti az \u00f6nbecs\u00fcl\u00e9st, m\u00e9rs\u00e9keli a szorong\u00e1st \u00e9s hely\u00e9re nyugalmat \u00e1raszt. Enyh\u00edti a megl\u00e9v\u0151 kapcsolatokban a fesz\u00fclts\u00e9get \u00e9s romantik\u00e1ra sarkall.  <\/p>\n","protected":false},"excerpt":{"rendered":"<p>Eperkvarc felt\u00e9telezett hat\u00e1sa :Pozit\u00edv n\u00e9z\u0151ponttal aj\u00e1nd\u00e9koz meg, nyugtatja a feld\u00falt elm\u00e9t, \u00f6r\u00f6m\u00f6t, boldogs\u00e1got hoz. Intenz\u00edv energi\u00e1val rendelkezik, er\u0151s\u00edti az \u00f6nbecs\u00fcl\u00e9st, m\u00e9rs\u00e9keli a szorong\u00e1st \u00e9s hely\u00e9re nyugalmat \u00e1raszt. Enyh\u00edti a megl\u00e9v\u0151 kapcsolatokban a fesz\u00fclts\u00e9get \u00e9s romantik\u00e1ra sarkall.<\/p>\n","protected":false},"featured_media":3081,"comment_status":"open","ping_status":"closed","template":"","meta":{"_monsterinsights_skip_tracking":false,"_monsterinsights_sitenote_active":false,"_monsterinsights_sitenote_note":"","_monsterinsights_sitenote_category":0},"product_cat":[63],"product_tag":[],"yoast_head":"<!-- This site is optimized with the Yoast SEO plugin v20.9 - https:\/\/yoast.com\/wordpress\/plugins\/seo\/ -->\n<title>Eperkvarc - Kalli<\/title>\n<meta name=\"robots\" content=\"index, follow, max-snippet:-1, max-image-preview:large, max-video-preview:-1\" \/>\n<link rel=\"canonical\" href=\"https:\/\/www.thekallidesign.com\/hu\/termek\/eperkvarc\/\" \/>\n<meta property=\"og:locale\" content=\"hu_HU\" \/>\n<meta property=\"og:type\" content=\"article\" \/>\n<meta property=\"og:title\" content=\"Eperkvarc - Kalli\" \/>\n<meta property=\"og:description\" content=\"Eperkvarc felt\u00e9telezett hat\u00e1sa :Pozit\u00edv n\u00e9z\u0151ponttal aj\u00e1nd\u00e9koz meg, nyugtatja a feld\u00falt elm\u00e9t, \u00f6r\u00f6m\u00f6t, boldogs\u00e1got hoz. Intenz\u00edv energi\u00e1val rendelkezik, er\u0151s\u00edti az \u00f6nbecs\u00fcl\u00e9st, m\u00e9rs\u00e9keli a szorong\u00e1st \u00e9s hely\u00e9re nyugalmat \u00e1raszt. Enyh\u00edti a megl\u00e9v\u0151 kapcsolatokban a fesz\u00fclts\u00e9get \u00e9s romantik\u00e1ra sarkall.\" \/>\n<meta property=\"og:url\" content=\"https:\/\/www.thekallidesign.com\/hu\/termek\/eperkvarc\/\" \/>\n<meta property=\"og:site_name\" content=\"Kalli\" \/>\n<meta property=\"article:publisher\" content=\"https:\/\/www.facebook.com\/thekallidesign\/\" \/>\n<meta property=\"og:image\" content=\"https:\/\/www.thekallidesign.com\/wp-content\/uploads\/Polish_20230906_123427436.jpeg\" \/>\n\t<meta property=\"og:image:width\" content=\"4096\" \/>\n\t<meta property=\"og:image:height\" content=\"4096\" \/>\n\t<meta property=\"og:image:type\" content=\"image\/jpeg\" \/>\n<meta name=\"twitter:card\" content=\"summary_large_image\" \/>\n<script type=\"application\/ld+json\" class=\"yoast-schema-graph\">{\"@context\":\"https:\/\/schema.org\",\"@graph\":[{\"@type\":\"WebPage\",\"@id\":\"https:\/\/www.thekallidesign.com\/hu\/termek\/eperkvarc\/\",\"url\":\"https:\/\/www.thekallidesign.com\/hu\/termek\/eperkvarc\/\",\"name\":\"Eperkvarc - Kalli\",\"isPartOf\":{\"@id\":\"https:\/\/www.thekallidesign.com\/hu\/#website\"},\"datePublished\":\"2023-09-06T11:57:57+00:00\",\"dateModified\":\"2023-09-06T11:57:57+00:00\",\"breadcrumb\":{\"@id\":\"https:\/\/www.thekallidesign.com\/hu\/termek\/eperkvarc\/#breadcrumb\"},\"inLanguage\":\"hu\",\"potentialAction\":[{\"@type\":\"ReadAction\",\"target\":[\"https:\/\/www.thekallidesign.com\/hu\/termek\/eperkvarc\/\"]}]},{\"@type\":\"BreadcrumbList\",\"@id\":\"https:\/\/www.thekallidesign.com\/hu\/termek\/eperkvarc\/#breadcrumb\",\"itemListElement\":[{\"@type\":\"ListItem\",\"position\":1,\"name\":\"Home\",\"item\":\"https:\/\/www.thekallidesign.com\/hu\/\"},{\"@type\":\"ListItem\",\"position\":2,\"name\":\"\u00dczlet\",\"item\":\"https:\/\/www.thekallidesign.com\/hu\/shop\/\"},{\"@type\":\"ListItem\",\"position\":3,\"name\":\"Eperkvarc\"}]},{\"@type\":\"WebSite\",\"@id\":\"https:\/\/www.thekallidesign.com\/hu\/#website\",\"url\":\"https:\/\/www.thekallidesign.com\/hu\/\",\"name\":\"The kalli Design\",\"description\":\"\",\"potentialAction\":[{\"@type\":\"SearchAction\",\"target\":{\"@type\":\"EntryPoint\",\"urlTemplate\":\"https:\/\/www.thekallidesign.com\/hu\/?s={search_term_string}\"},\"query-input\":\"required name=search_term_string\"}],\"inLanguage\":\"hu\"}]}<\/script>\n<!-- \/ Yoast SEO plugin. -->","yoast_head_json":{"title":"Eperkvarc - Kalli","robots":{"index":"index","follow":"follow","max-snippet":"max-snippet:-1","max-image-preview":"max-image-preview:large","max-video-preview":"max-video-preview:-1"},"canonical":"https:\/\/www.thekallidesign.com\/hu\/termek\/eperkvarc\/","og_locale":"hu_HU","og_type":"article","og_title":"Eperkvarc - Kalli","og_description":"Eperkvarc felt\u00e9telezett hat\u00e1sa :Pozit\u00edv n\u00e9z\u0151ponttal aj\u00e1nd\u00e9koz meg, nyugtatja a feld\u00falt elm\u00e9t, \u00f6r\u00f6m\u00f6t, boldogs\u00e1got hoz. Intenz\u00edv energi\u00e1val rendelkezik, er\u0151s\u00edti az \u00f6nbecs\u00fcl\u00e9st, m\u00e9rs\u00e9keli a szorong\u00e1st \u00e9s hely\u00e9re nyugalmat \u00e1raszt. Enyh\u00edti a megl\u00e9v\u0151 kapcsolatokban a fesz\u00fclts\u00e9get \u00e9s romantik\u00e1ra sarkall.","og_url":"https:\/\/www.thekallidesign.com\/hu\/termek\/eperkvarc\/","og_site_name":"Kalli","article_publisher":"https:\/\/www.facebook.com\/thekallidesign\/","og_image":[{"width":4096,"height":4096,"url":"https:\/\/www.thekallidesign.com\/wp-content\/uploads\/Polish_20230906_123427436.jpeg","type":"image\/jpeg"}],"twitter_card":"summary_large_image","schema":{"@context":"https:\/\/schema.org","@graph":[{"@type":"WebPage","@id":"https:\/\/www.thekallidesign.com\/hu\/termek\/eperkvarc\/","url":"https:\/\/www.thekallidesign.com\/hu\/termek\/eperkvarc\/","name":"Eperkvarc - Kalli","isPartOf":{"@id":"https:\/\/www.thekallidesign.com\/hu\/#website"},"datePublished":"2023-09-06T11:57:57+00:00","dateModified":"2023-09-06T11:57:57+00:00","breadcrumb":{"@id":"https:\/\/www.thekallidesign.com\/hu\/termek\/eperkvarc\/#breadcrumb"},"inLanguage":"hu","potentialAction":[{"@type":"ReadAction","target":["https:\/\/www.thekallidesign.com\/hu\/termek\/eperkvarc\/"]}]},{"@type":"BreadcrumbList","@id":"https:\/\/www.thekallidesign.com\/hu\/termek\/eperkvarc\/#breadcrumb","itemListElement":[{"@type":"ListItem","position":1,"name":"Home","item":"https:\/\/www.thekallidesign.com\/hu\/"},{"@type":"ListItem","position":2,"name":"\u00dczlet","item":"https:\/\/www.thekallidesign.com\/hu\/shop\/"},{"@type":"ListItem","position":3,"name":"Eperkvarc"}]},{"@type":"WebSite","@id":"https:\/\/www.thekallidesign.com\/hu\/#website","url":"https:\/\/www.thekallidesign.com\/hu\/","name":"The kalli Design","description":"","potentialAction":[{"@type":"SearchAction","target":{"@type":"EntryPoint","urlTemplate":"https:\/\/www.thekallidesign.com\/hu\/?s={search_term_string}"},"query-input":"required name=search_term_string"}],"inLanguage":"hu"}]}},"_links":{"self":[{"href":"https:\/\/www.thekallidesign.com\/hu\/wp-json\/wp\/v2\/product\/3092"}],"collection":[{"href":"https:\/\/www.thekallidesign.com\/hu\/wp-json\/wp\/v2\/product"}],"about":[{"href":"https:\/\/www.thekallidesign.com\/hu\/wp-json\/wp\/v2\/types\/product"}],"replies":[{"embeddable":true,"href":"https:\/\/www.thekallidesign.com\/hu\/wp-json\/wp\/v2\/comments?post=3092"}],"wp:featuredmedia":[{"embeddable":true,"href":"https:\/\/www.thekallidesign.com\/hu\/wp-json\/wp\/v2\/media\/3081"}],"wp:attachment":[{"href":"https:\/\/www.thekallidesign.com\/hu\/wp-json\/wp\/v2\/media?parent=3092"}],"wp:term":[{"taxonomy":"product_cat","embeddable":true,"href":"https:\/\/www.thekallidesign.com\/hu\/wp-json\/wp\/v2\/product_cat?post=3092"},{"taxonomy":"product_tag","embeddable":true,"href":"https:\/\/www.thekallidesign.com\/hu\/wp-json\/wp\/v2\/product_tag?post=3092"}],"curies":[{"name":"wp","href":"https:\/\/api.w.org\/{rel}","templated":true}]}}