{"id":3351,"date":"2023-09-06T17:37:51","date_gmt":"2023-09-06T15:37:51","guid":{"rendered":"https:\/\/www.thekallidesign.com\/produkt\/sasszem\/"},"modified":"2023-09-06T17:37:51","modified_gmt":"2023-09-06T15:37:51","slug":"sasszem","status":"publish","type":"product","link":"https:\/\/www.thekallidesign.com\/hu\/termek\/sasszem\/","title":{"rendered":"Sasszem"},"content":{"rendered":"<p><strong>Sas szem felt\u00e9telezett hat\u00e1sa :<\/strong> Seg\u00edt megtiszt\u00edtani \u00e9s megv\u00e9deni az aur\u00e1t. T\u00e1mogatja a regener\u00e1l\u00f3d\u00e1st \u00e9s a fel\u00e9p\u00fcl\u00e9st a neh\u00e9z id\u0151szakok ut\u00e1n. Feldobja \u00e9s \u00e9rz\u00e9kelhet\u0151en felvid\u00edtja a szellemet \u00e9s a lelket, er\u0151s\u00edti \u00e9s felt\u00f6lti az als\u00f3 csakr\u00e1kat. Olyan pozit\u00edv er\u00e9nyeket \u00f6szt\u00f6n\u00f6z, mint a b\u00e1tors\u00e1g, a megbocs\u00e1t\u00e1s, a h\u00e1la, a magasabb n\u00e9z\u0151pontb\u00f3l l\u00e1t\u00e1s, az \u00fajrakezd\u00e9s \u00e9s a rem\u00e9ny. Seg\u00edti az \u00f6ngy\u00f3gyul\u00e1si folyamatot.    <\/p>\n","protected":false},"excerpt":{"rendered":"<p>Sas szem felt\u00e9telezett hat\u00e1sa : Seg\u00edt megtiszt\u00edtani \u00e9s megv\u00e9deni az aur\u00e1t. T\u00e1mogatja a regener\u00e1l\u00f3d\u00e1st \u00e9s a fel\u00e9p\u00fcl\u00e9st a neh\u00e9z id\u0151szakok ut\u00e1n. Feldobja \u00e9s \u00e9rz\u00e9kelhet\u0151en felvid\u00edtja a szellemet \u00e9s a lelket, er\u0151s\u00edti \u00e9s felt\u00f6lti az als\u00f3 csakr\u00e1kat. Olyan pozit\u00edv er\u00e9nyeket \u00f6szt\u00f6n\u00f6z, mint a b\u00e1tors\u00e1g, a megbocs\u00e1t\u00e1s, a h\u00e1la, a magasabb n\u00e9z\u0151pontb\u00f3l l\u00e1t\u00e1s, az \u00fajrakezd\u00e9s \u00e9s a [&#8230;]\n","protected":false},"featured_media":3279,"comment_status":"open","ping_status":"closed","template":"","meta":{"_monsterinsights_skip_tracking":false,"_monsterinsights_sitenote_active":false,"_monsterinsights_sitenote_note":"","_monsterinsights_sitenote_category":0},"product_cat":[63],"product_tag":[],"yoast_head":"<!-- This site is optimized with the Yoast SEO plugin v20.9 - https:\/\/yoast.com\/wordpress\/plugins\/seo\/ -->\n<title>Sasszem - Kalli<\/title>\n<meta name=\"robots\" content=\"index, follow, max-snippet:-1, max-image-preview:large, max-video-preview:-1\" \/>\n<link rel=\"canonical\" href=\"https:\/\/www.thekallidesign.com\/hu\/termek\/sasszem\/\" \/>\n<meta property=\"og:locale\" content=\"hu_HU\" \/>\n<meta property=\"og:type\" content=\"article\" \/>\n<meta property=\"og:title\" content=\"Sasszem - Kalli\" \/>\n<meta property=\"og:description\" content=\"Sas szem felt\u00e9telezett hat\u00e1sa : Seg\u00edt megtiszt\u00edtani \u00e9s megv\u00e9deni az aur\u00e1t. T\u00e1mogatja a regener\u00e1l\u00f3d\u00e1st \u00e9s a fel\u00e9p\u00fcl\u00e9st a neh\u00e9z id\u0151szakok ut\u00e1n. Feldobja \u00e9s \u00e9rz\u00e9kelhet\u0151en felvid\u00edtja a szellemet \u00e9s a lelket, er\u0151s\u00edti \u00e9s felt\u00f6lti az als\u00f3 csakr\u00e1kat. Olyan pozit\u00edv er\u00e9nyeket \u00f6szt\u00f6n\u00f6z, mint a b\u00e1tors\u00e1g, a megbocs\u00e1t\u00e1s, a h\u00e1la, a magasabb n\u00e9z\u0151pontb\u00f3l l\u00e1t\u00e1s, az \u00fajrakezd\u00e9s \u00e9s a [...]\" \/>\n<meta property=\"og:url\" content=\"https:\/\/www.thekallidesign.com\/hu\/termek\/sasszem\/\" \/>\n<meta property=\"og:site_name\" content=\"Kalli\" \/>\n<meta property=\"article:publisher\" content=\"https:\/\/www.facebook.com\/thekallidesign\/\" \/>\n<meta property=\"og:image\" content=\"https:\/\/www.thekallidesign.com\/wp-content\/uploads\/Polish_20230906_162332520.jpeg\" \/>\n\t<meta property=\"og:image:width\" content=\"4096\" \/>\n\t<meta property=\"og:image:height\" content=\"4096\" \/>\n\t<meta property=\"og:image:type\" content=\"image\/jpeg\" \/>\n<meta name=\"twitter:card\" content=\"summary_large_image\" \/>\n<meta name=\"twitter:label1\" content=\"Becs\u00fclt olvas\u00e1si id\u0151\" \/>\n\t<meta name=\"twitter:data1\" content=\"1 perc\" \/>\n<script type=\"application\/ld+json\" class=\"yoast-schema-graph\">{\"@context\":\"https:\/\/schema.org\",\"@graph\":[{\"@type\":\"WebPage\",\"@id\":\"https:\/\/www.thekallidesign.com\/hu\/termek\/sasszem\/\",\"url\":\"https:\/\/www.thekallidesign.com\/hu\/termek\/sasszem\/\",\"name\":\"Sasszem - Kalli\",\"isPartOf\":{\"@id\":\"https:\/\/www.thekallidesign.com\/hu\/#website\"},\"datePublished\":\"2023-09-06T15:37:51+00:00\",\"dateModified\":\"2023-09-06T15:37:51+00:00\",\"breadcrumb\":{\"@id\":\"https:\/\/www.thekallidesign.com\/hu\/termek\/sasszem\/#breadcrumb\"},\"inLanguage\":\"hu\",\"potentialAction\":[{\"@type\":\"ReadAction\",\"target\":[\"https:\/\/www.thekallidesign.com\/hu\/termek\/sasszem\/\"]}]},{\"@type\":\"BreadcrumbList\",\"@id\":\"https:\/\/www.thekallidesign.com\/hu\/termek\/sasszem\/#breadcrumb\",\"itemListElement\":[{\"@type\":\"ListItem\",\"position\":1,\"name\":\"Home\",\"item\":\"https:\/\/www.thekallidesign.com\/hu\/\"},{\"@type\":\"ListItem\",\"position\":2,\"name\":\"\u00dczlet\",\"item\":\"https:\/\/www.thekallidesign.com\/hu\/shop\/\"},{\"@type\":\"ListItem\",\"position\":3,\"name\":\"Sasszem\"}]},{\"@type\":\"WebSite\",\"@id\":\"https:\/\/www.thekallidesign.com\/hu\/#website\",\"url\":\"https:\/\/www.thekallidesign.com\/hu\/\",\"name\":\"The kalli Design\",\"description\":\"\",\"potentialAction\":[{\"@type\":\"SearchAction\",\"target\":{\"@type\":\"EntryPoint\",\"urlTemplate\":\"https:\/\/www.thekallidesign.com\/hu\/?s={search_term_string}\"},\"query-input\":\"required name=search_term_string\"}],\"inLanguage\":\"hu\"}]}<\/script>\n<!-- \/ Yoast SEO plugin. -->","yoast_head_json":{"title":"Sasszem - Kalli","robots":{"index":"index","follow":"follow","max-snippet":"max-snippet:-1","max-image-preview":"max-image-preview:large","max-video-preview":"max-video-preview:-1"},"canonical":"https:\/\/www.thekallidesign.com\/hu\/termek\/sasszem\/","og_locale":"hu_HU","og_type":"article","og_title":"Sasszem - Kalli","og_description":"Sas szem felt\u00e9telezett hat\u00e1sa : Seg\u00edt megtiszt\u00edtani \u00e9s megv\u00e9deni az aur\u00e1t. T\u00e1mogatja a regener\u00e1l\u00f3d\u00e1st \u00e9s a fel\u00e9p\u00fcl\u00e9st a neh\u00e9z id\u0151szakok ut\u00e1n. Feldobja \u00e9s \u00e9rz\u00e9kelhet\u0151en felvid\u00edtja a szellemet \u00e9s a lelket, er\u0151s\u00edti \u00e9s felt\u00f6lti az als\u00f3 csakr\u00e1kat. Olyan pozit\u00edv er\u00e9nyeket \u00f6szt\u00f6n\u00f6z, mint a b\u00e1tors\u00e1g, a megbocs\u00e1t\u00e1s, a h\u00e1la, a magasabb n\u00e9z\u0151pontb\u00f3l l\u00e1t\u00e1s, az \u00fajrakezd\u00e9s \u00e9s a [...]","og_url":"https:\/\/www.thekallidesign.com\/hu\/termek\/sasszem\/","og_site_name":"Kalli","article_publisher":"https:\/\/www.facebook.com\/thekallidesign\/","og_image":[{"width":4096,"height":4096,"url":"https:\/\/www.thekallidesign.com\/wp-content\/uploads\/Polish_20230906_162332520.jpeg","type":"image\/jpeg"}],"twitter_card":"summary_large_image","twitter_misc":{"Becs\u00fclt olvas\u00e1si id\u0151":"1 perc"},"schema":{"@context":"https:\/\/schema.org","@graph":[{"@type":"WebPage","@id":"https:\/\/www.thekallidesign.com\/hu\/termek\/sasszem\/","url":"https:\/\/www.thekallidesign.com\/hu\/termek\/sasszem\/","name":"Sasszem - Kalli","isPartOf":{"@id":"https:\/\/www.thekallidesign.com\/hu\/#website"},"datePublished":"2023-09-06T15:37:51+00:00","dateModified":"2023-09-06T15:37:51+00:00","breadcrumb":{"@id":"https:\/\/www.thekallidesign.com\/hu\/termek\/sasszem\/#breadcrumb"},"inLanguage":"hu","potentialAction":[{"@type":"ReadAction","target":["https:\/\/www.thekallidesign.com\/hu\/termek\/sasszem\/"]}]},{"@type":"BreadcrumbList","@id":"https:\/\/www.thekallidesign.com\/hu\/termek\/sasszem\/#breadcrumb","itemListElement":[{"@type":"ListItem","position":1,"name":"Home","item":"https:\/\/www.thekallidesign.com\/hu\/"},{"@type":"ListItem","position":2,"name":"\u00dczlet","item":"https:\/\/www.thekallidesign.com\/hu\/shop\/"},{"@type":"ListItem","position":3,"name":"Sasszem"}]},{"@type":"WebSite","@id":"https:\/\/www.thekallidesign.com\/hu\/#website","url":"https:\/\/www.thekallidesign.com\/hu\/","name":"The kalli Design","description":"","potentialAction":[{"@type":"SearchAction","target":{"@type":"EntryPoint","urlTemplate":"https:\/\/www.thekallidesign.com\/hu\/?s={search_term_string}"},"query-input":"required name=search_term_string"}],"inLanguage":"hu"}]}},"_links":{"self":[{"href":"https:\/\/www.thekallidesign.com\/hu\/wp-json\/wp\/v2\/product\/3351"}],"collection":[{"href":"https:\/\/www.thekallidesign.com\/hu\/wp-json\/wp\/v2\/product"}],"about":[{"href":"https:\/\/www.thekallidesign.com\/hu\/wp-json\/wp\/v2\/types\/product"}],"replies":[{"embeddable":true,"href":"https:\/\/www.thekallidesign.com\/hu\/wp-json\/wp\/v2\/comments?post=3351"}],"wp:featuredmedia":[{"embeddable":true,"href":"https:\/\/www.thekallidesign.com\/hu\/wp-json\/wp\/v2\/media\/3279"}],"wp:attachment":[{"href":"https:\/\/www.thekallidesign.com\/hu\/wp-json\/wp\/v2\/media?parent=3351"}],"wp:term":[{"taxonomy":"product_cat","embeddable":true,"href":"https:\/\/www.thekallidesign.com\/hu\/wp-json\/wp\/v2\/product_cat?post=3351"},{"taxonomy":"product_tag","embeddable":true,"href":"https:\/\/www.thekallidesign.com\/hu\/wp-json\/wp\/v2\/product_tag?post=3351"}],"curies":[{"name":"wp","href":"https:\/\/api.w.org\/{rel}","templated":true}]}}