{"id":3685,"date":"2024-01-15T15:31:53","date_gmt":"2024-01-15T14:31:53","guid":{"rendered":"https:\/\/www.thekallidesign.com\/produkt\/tigrisszem-solyomszem-macskaszem\/"},"modified":"2024-01-15T15:31:53","modified_gmt":"2024-01-15T14:31:53","slug":"tigrisszem-solyomszem-macskaszem","status":"publish","type":"product","link":"https:\/\/www.thekallidesign.com\/hu\/termek\/tigrisszem-solyomszem-macskaszem\/","title":{"rendered":"tigrisszem, solyomszem, macskaszem"},"content":{"rendered":"<p><strong>Tigrisszem felt\u00e9telezett hat\u00e1sa:<\/strong> mesterkrist\u00e1ly, nyugtat\u00f3, energia, idegrendszer, skizofr\u00e9nia, epilepszia, koncentr\u00e1ci\u00f3, b\u00e1tors\u00e1g, \u00f6nbecs\u00fcl\u00e9s, csontsorvad\u00e1s<\/p>\n<p><strong>S\u00f3lyomszem felt\u00e9telezett hat\u00e1sa :<\/strong> v\u00e9d\u0151, szerencse, szem, energia, hormonok, f\u00e1jdalomcsillap\u00edt\u00f3, kering\u00e9si rendszer, em\u00e9szt\u00e9s, v\u00e9gtagok<\/p>\n<p><strong>Macskaszem felt\u00e9telezett hat\u00e1sa:<\/strong> \u00f6nbizalom, m\u00e9regtelen\u00edt\u0151, szem, l\u00e9gutak, energia, v\u00e9d\u0151, sz\u00edv, agyi funkci\u00f3k<\/p>\n<p>&nbsp;<\/p>\n","protected":false},"excerpt":{"rendered":"<p>Tigrisszem felt\u00e9telezett hat\u00e1sa: mesterkrist\u00e1ly, nyugtat\u00f3, energia, idegrendszer, skizofr\u00e9nia, epilepszia, koncentr\u00e1ci\u00f3, b\u00e1tors\u00e1g, \u00f6nbecs\u00fcl\u00e9s, csontsorvad\u00e1s S\u00f3lyomszem felt\u00e9telezett hat\u00e1sa : v\u00e9d\u0151, szerencse, szem, energia, hormonok, f\u00e1jdalomcsillap\u00edt\u00f3, kering\u00e9si rendszer, em\u00e9szt\u00e9s, v\u00e9gtagok Macskaszem felt\u00e9telezett hat\u00e1sa: \u00f6nbizalom, m\u00e9regtelen\u00edt\u0151, szem, l\u00e9gutak, energia, v\u00e9d\u0151, sz\u00edv, agyi funkci\u00f3k &nbsp;<\/p>\n","protected":false},"featured_media":3673,"comment_status":"open","ping_status":"closed","template":"","meta":{"_monsterinsights_skip_tracking":false,"_monsterinsights_sitenote_active":false,"_monsterinsights_sitenote_note":"","_monsterinsights_sitenote_category":0},"product_cat":[63],"product_tag":[],"yoast_head":"<!-- This site is optimized with the Yoast SEO plugin v20.9 - https:\/\/yoast.com\/wordpress\/plugins\/seo\/ -->\n<title>tigrisszem, solyomszem, macskaszem - Kalli<\/title>\n<meta name=\"description\" content=\"Tigrisszem felt\u00e9telezett hat\u00e1sa: mesterkrist\u00e1ly, nyugtat\u00f3, energia, idegrendszer, skizofr\u00e9nia, epilepszia, koncentr\u00e1ci\u00f3, b\u00e1tors\u00e1g, \u00f6nbecs\u00fcl\u00e9s, csontsorvad\u00e1s S\u00f3lyomszem felt\u00e9telezett hat\u00e1sa : v\u00e9d\u0151, szerencse, szem, energia, hormonok, f\u00e1jdalomcsillap\u00edt\u00f3, kering\u00e9si rendszer, em\u00e9szt\u00e9s, v\u00e9gtagok Macskaszem felt\u00e9telezett hat\u00e1sa: \u00f6nbizalom, m\u00e9regtelen\u00edt\u0151, szem, l\u00e9gutak, energia, v\u00e9d\u0151, sz\u00edv, agyi funkci\u00f3k\" \/>\n<meta name=\"robots\" content=\"index, follow, max-snippet:-1, max-image-preview:large, max-video-preview:-1\" \/>\n<link rel=\"canonical\" href=\"https:\/\/www.thekallidesign.com\/hu\/termek\/tigrisszem-solyomszem-macskaszem\/\" \/>\n<meta property=\"og:locale\" content=\"hu_HU\" \/>\n<meta property=\"og:type\" content=\"article\" \/>\n<meta property=\"og:title\" content=\"tigrisszem, solyomszem, macskaszem - Kalli\" \/>\n<meta property=\"og:description\" content=\"Tigrisszem felt\u00e9telezett hat\u00e1sa: mesterkrist\u00e1ly, nyugtat\u00f3, energia, idegrendszer, skizofr\u00e9nia, epilepszia, koncentr\u00e1ci\u00f3, b\u00e1tors\u00e1g, \u00f6nbecs\u00fcl\u00e9s, csontsorvad\u00e1s S\u00f3lyomszem felt\u00e9telezett hat\u00e1sa : v\u00e9d\u0151, szerencse, szem, energia, hormonok, f\u00e1jdalomcsillap\u00edt\u00f3, kering\u00e9si rendszer, em\u00e9szt\u00e9s, v\u00e9gtagok Macskaszem felt\u00e9telezett hat\u00e1sa: \u00f6nbizalom, m\u00e9regtelen\u00edt\u0151, szem, l\u00e9gutak, energia, v\u00e9d\u0151, sz\u00edv, agyi funkci\u00f3k\" \/>\n<meta property=\"og:url\" content=\"https:\/\/www.thekallidesign.com\/hu\/termek\/tigrisszem-solyomszem-macskaszem\/\" \/>\n<meta property=\"og:site_name\" content=\"Kalli\" \/>\n<meta property=\"article:publisher\" content=\"https:\/\/www.facebook.com\/thekallidesign\/\" \/>\n<meta property=\"og:image\" content=\"https:\/\/www.thekallidesign.com\/wp-content\/uploads\/B56ED5AA-0E3D-4B21-951E-291291898D06.jpeg\" \/>\n\t<meta property=\"og:image:width\" content=\"4096\" \/>\n\t<meta property=\"og:image:height\" content=\"4096\" \/>\n\t<meta property=\"og:image:type\" content=\"image\/jpeg\" \/>\n<meta name=\"twitter:card\" content=\"summary_large_image\" \/>\n<script type=\"application\/ld+json\" class=\"yoast-schema-graph\">{\"@context\":\"https:\/\/schema.org\",\"@graph\":[{\"@type\":\"WebPage\",\"@id\":\"https:\/\/www.thekallidesign.com\/hu\/termek\/tigrisszem-solyomszem-macskaszem\/\",\"url\":\"https:\/\/www.thekallidesign.com\/hu\/termek\/tigrisszem-solyomszem-macskaszem\/\",\"name\":\"tigrisszem, solyomszem, macskaszem - Kalli\",\"isPartOf\":{\"@id\":\"https:\/\/www.thekallidesign.com\/hu\/#website\"},\"datePublished\":\"2024-01-15T14:31:53+00:00\",\"dateModified\":\"2024-01-15T14:31:53+00:00\",\"description\":\"Tigrisszem felt\u00e9telezett hat\u00e1sa: mesterkrist\u00e1ly, nyugtat\u00f3, energia, idegrendszer, skizofr\u00e9nia, epilepszia, koncentr\u00e1ci\u00f3, b\u00e1tors\u00e1g, \u00f6nbecs\u00fcl\u00e9s, csontsorvad\u00e1s S\u00f3lyomszem felt\u00e9telezett hat\u00e1sa : v\u00e9d\u0151, szerencse, szem, energia, hormonok, f\u00e1jdalomcsillap\u00edt\u00f3, kering\u00e9si rendszer, em\u00e9szt\u00e9s, v\u00e9gtagok Macskaszem felt\u00e9telezett hat\u00e1sa: \u00f6nbizalom, m\u00e9regtelen\u00edt\u0151, szem, l\u00e9gutak, energia, v\u00e9d\u0151, sz\u00edv, agyi funkci\u00f3k\",\"breadcrumb\":{\"@id\":\"https:\/\/www.thekallidesign.com\/hu\/termek\/tigrisszem-solyomszem-macskaszem\/#breadcrumb\"},\"inLanguage\":\"hu\",\"potentialAction\":[{\"@type\":\"ReadAction\",\"target\":[\"https:\/\/www.thekallidesign.com\/hu\/termek\/tigrisszem-solyomszem-macskaszem\/\"]}]},{\"@type\":\"BreadcrumbList\",\"@id\":\"https:\/\/www.thekallidesign.com\/hu\/termek\/tigrisszem-solyomszem-macskaszem\/#breadcrumb\",\"itemListElement\":[{\"@type\":\"ListItem\",\"position\":1,\"name\":\"Home\",\"item\":\"https:\/\/www.thekallidesign.com\/hu\/\"},{\"@type\":\"ListItem\",\"position\":2,\"name\":\"\u00dczlet\",\"item\":\"https:\/\/www.thekallidesign.com\/hu\/shop\/\"},{\"@type\":\"ListItem\",\"position\":3,\"name\":\"tigrisszem, solyomszem, macskaszem\"}]},{\"@type\":\"WebSite\",\"@id\":\"https:\/\/www.thekallidesign.com\/hu\/#website\",\"url\":\"https:\/\/www.thekallidesign.com\/hu\/\",\"name\":\"The kalli Design\",\"description\":\"\",\"potentialAction\":[{\"@type\":\"SearchAction\",\"target\":{\"@type\":\"EntryPoint\",\"urlTemplate\":\"https:\/\/www.thekallidesign.com\/hu\/?s={search_term_string}\"},\"query-input\":\"required name=search_term_string\"}],\"inLanguage\":\"hu\"}]}<\/script>\n<!-- \/ Yoast SEO plugin. -->","yoast_head_json":{"title":"tigrisszem, solyomszem, macskaszem - Kalli","description":"Tigrisszem felt\u00e9telezett hat\u00e1sa: mesterkrist\u00e1ly, nyugtat\u00f3, energia, idegrendszer, skizofr\u00e9nia, epilepszia, koncentr\u00e1ci\u00f3, b\u00e1tors\u00e1g, \u00f6nbecs\u00fcl\u00e9s, csontsorvad\u00e1s S\u00f3lyomszem felt\u00e9telezett hat\u00e1sa : v\u00e9d\u0151, szerencse, szem, energia, hormonok, f\u00e1jdalomcsillap\u00edt\u00f3, kering\u00e9si rendszer, em\u00e9szt\u00e9s, v\u00e9gtagok Macskaszem felt\u00e9telezett hat\u00e1sa: \u00f6nbizalom, m\u00e9regtelen\u00edt\u0151, szem, l\u00e9gutak, energia, v\u00e9d\u0151, sz\u00edv, agyi funkci\u00f3k","robots":{"index":"index","follow":"follow","max-snippet":"max-snippet:-1","max-image-preview":"max-image-preview:large","max-video-preview":"max-video-preview:-1"},"canonical":"https:\/\/www.thekallidesign.com\/hu\/termek\/tigrisszem-solyomszem-macskaszem\/","og_locale":"hu_HU","og_type":"article","og_title":"tigrisszem, solyomszem, macskaszem - Kalli","og_description":"Tigrisszem felt\u00e9telezett hat\u00e1sa: mesterkrist\u00e1ly, nyugtat\u00f3, energia, idegrendszer, skizofr\u00e9nia, epilepszia, koncentr\u00e1ci\u00f3, b\u00e1tors\u00e1g, \u00f6nbecs\u00fcl\u00e9s, csontsorvad\u00e1s S\u00f3lyomszem felt\u00e9telezett hat\u00e1sa : v\u00e9d\u0151, szerencse, szem, energia, hormonok, f\u00e1jdalomcsillap\u00edt\u00f3, kering\u00e9si rendszer, em\u00e9szt\u00e9s, v\u00e9gtagok Macskaszem felt\u00e9telezett hat\u00e1sa: \u00f6nbizalom, m\u00e9regtelen\u00edt\u0151, szem, l\u00e9gutak, energia, v\u00e9d\u0151, sz\u00edv, agyi funkci\u00f3k","og_url":"https:\/\/www.thekallidesign.com\/hu\/termek\/tigrisszem-solyomszem-macskaszem\/","og_site_name":"Kalli","article_publisher":"https:\/\/www.facebook.com\/thekallidesign\/","og_image":[{"width":4096,"height":4096,"url":"https:\/\/www.thekallidesign.com\/wp-content\/uploads\/B56ED5AA-0E3D-4B21-951E-291291898D06.jpeg","type":"image\/jpeg"}],"twitter_card":"summary_large_image","schema":{"@context":"https:\/\/schema.org","@graph":[{"@type":"WebPage","@id":"https:\/\/www.thekallidesign.com\/hu\/termek\/tigrisszem-solyomszem-macskaszem\/","url":"https:\/\/www.thekallidesign.com\/hu\/termek\/tigrisszem-solyomszem-macskaszem\/","name":"tigrisszem, solyomszem, macskaszem - Kalli","isPartOf":{"@id":"https:\/\/www.thekallidesign.com\/hu\/#website"},"datePublished":"2024-01-15T14:31:53+00:00","dateModified":"2024-01-15T14:31:53+00:00","description":"Tigrisszem felt\u00e9telezett hat\u00e1sa: mesterkrist\u00e1ly, nyugtat\u00f3, energia, idegrendszer, skizofr\u00e9nia, epilepszia, koncentr\u00e1ci\u00f3, b\u00e1tors\u00e1g, \u00f6nbecs\u00fcl\u00e9s, csontsorvad\u00e1s S\u00f3lyomszem felt\u00e9telezett hat\u00e1sa : v\u00e9d\u0151, szerencse, szem, energia, hormonok, f\u00e1jdalomcsillap\u00edt\u00f3, kering\u00e9si rendszer, em\u00e9szt\u00e9s, v\u00e9gtagok Macskaszem felt\u00e9telezett hat\u00e1sa: \u00f6nbizalom, m\u00e9regtelen\u00edt\u0151, szem, l\u00e9gutak, energia, v\u00e9d\u0151, sz\u00edv, agyi funkci\u00f3k","breadcrumb":{"@id":"https:\/\/www.thekallidesign.com\/hu\/termek\/tigrisszem-solyomszem-macskaszem\/#breadcrumb"},"inLanguage":"hu","potentialAction":[{"@type":"ReadAction","target":["https:\/\/www.thekallidesign.com\/hu\/termek\/tigrisszem-solyomszem-macskaszem\/"]}]},{"@type":"BreadcrumbList","@id":"https:\/\/www.thekallidesign.com\/hu\/termek\/tigrisszem-solyomszem-macskaszem\/#breadcrumb","itemListElement":[{"@type":"ListItem","position":1,"name":"Home","item":"https:\/\/www.thekallidesign.com\/hu\/"},{"@type":"ListItem","position":2,"name":"\u00dczlet","item":"https:\/\/www.thekallidesign.com\/hu\/shop\/"},{"@type":"ListItem","position":3,"name":"tigrisszem, solyomszem, macskaszem"}]},{"@type":"WebSite","@id":"https:\/\/www.thekallidesign.com\/hu\/#website","url":"https:\/\/www.thekallidesign.com\/hu\/","name":"The kalli Design","description":"","potentialAction":[{"@type":"SearchAction","target":{"@type":"EntryPoint","urlTemplate":"https:\/\/www.thekallidesign.com\/hu\/?s={search_term_string}"},"query-input":"required name=search_term_string"}],"inLanguage":"hu"}]}},"_links":{"self":[{"href":"https:\/\/www.thekallidesign.com\/hu\/wp-json\/wp\/v2\/product\/3685"}],"collection":[{"href":"https:\/\/www.thekallidesign.com\/hu\/wp-json\/wp\/v2\/product"}],"about":[{"href":"https:\/\/www.thekallidesign.com\/hu\/wp-json\/wp\/v2\/types\/product"}],"replies":[{"embeddable":true,"href":"https:\/\/www.thekallidesign.com\/hu\/wp-json\/wp\/v2\/comments?post=3685"}],"wp:featuredmedia":[{"embeddable":true,"href":"https:\/\/www.thekallidesign.com\/hu\/wp-json\/wp\/v2\/media\/3673"}],"wp:attachment":[{"href":"https:\/\/www.thekallidesign.com\/hu\/wp-json\/wp\/v2\/media?parent=3685"}],"wp:term":[{"taxonomy":"product_cat","embeddable":true,"href":"https:\/\/www.thekallidesign.com\/hu\/wp-json\/wp\/v2\/product_cat?post=3685"},{"taxonomy":"product_tag","embeddable":true,"href":"https:\/\/www.thekallidesign.com\/hu\/wp-json\/wp\/v2\/product_tag?post=3685"}],"curies":[{"name":"wp","href":"https:\/\/api.w.org\/{rel}","templated":true}]}}